{"id":1942,"date":"2025-03-09T20:31:26","date_gmt":"2025-03-09T19:31:26","guid":{"rendered":"https:\/\/iagenerativa.umh.es\/?page_id=1942"},"modified":"2026-01-13T12:43:04","modified_gmt":"2026-01-13T11:43:04","slug":"isciii_20_25_aihealthtrainer","status":"publish","type":"page","link":"https:\/\/iagenerativa.umh.es\/ca\/isciii_20_25_aihealthtrainer\/","title":{"rendered":"<span lang=\"es\">(Espa\u00f1ol) Proyecto ISCIII 2025: AIHealthTrainer<\/span>"},"content":{"rendered":"<p>[et_pb_section fb_built=&#8221;1&#8243; _builder_version=&#8221;4.16&#8243; global_colors_info=&#8221;{}&#8221;][et_pb_row _builder_version=&#8221;4.17.4&#8243; global_colors_info=&#8221;{}&#8221;][et_pb_column type=&#8221;4_4&#8243; _builder_version=&#8221;4.16&#8243; custom_padding=&#8221;|||&#8221; global_colors_info=&#8221;{}&#8221; custom_padding__hover=&#8221;|||&#8221;][et_pb_image src=&#8221;https:\/\/iagenerativa.umh.es\/files\/2025\/03\/logoCONVOCATORIA.png&#8221; title_text=&#8221;logoCONVOCATORIA&#8221; force_fullwidth=&#8221;on&#8221; _builder_version=&#8221;4.17.4&#8243; _module_preset=&#8221;default&#8221; global_colors_info=&#8221;{}&#8221;][\/et_pb_image][\/et_pb_column][\/et_pb_row][et_pb_row _builder_version=&#8221;4.17.4&#8243; global_colors_info=&#8221;{}&#8221;][et_pb_column type=&#8221;4_4&#8243; _builder_version=&#8221;4.16&#8243; custom_padding=&#8221;|||&#8221; global_colors_info=&#8221;{}&#8221; custom_padding__hover=&#8221;|||&#8221;][et_pb_text admin_label=&#8221;TITULO de la convocatoria&#8221; _builder_version=&#8221;4.17.4&#8243; background_color=&#8221;rgba(242,242,242,0.87)&#8221; custom_margin=&#8221;5px|5px|5px|5px|false|false&#8221; custom_padding=&#8221;15px|15px|15px|15px|false|false&#8221; border_width_all=&#8221;2px&#8221; border_color_all=&#8221;#00dfe2&#8243; border_style_all=&#8221;ridge&#8221; global_colors_info=&#8221;{}&#8221;]<\/p>\n<h4 style=\"text-align: justify\">Solicitud de proyecto para la convocatoria:<\/h4>\n<h4 style=\"text-align: justify\"><strong>&#8220;Proyectos de Investigaci\u00f3n en Salud (AES) \u2013 ISCIII&#8221; (2025)<\/strong><\/h4>\n<p>[\/et_pb_text][\/et_pb_column][\/et_pb_row][et_pb_row column_structure=&#8221;2_5,3_5&#8243; _builder_version=&#8221;4.17.4&#8243; _module_preset=&#8221;default&#8221; global_colors_info=&#8221;{}&#8221;][et_pb_column type=&#8221;2_5&#8243; _builder_version=&#8221;4.17.4&#8243; _module_preset=&#8221;default&#8221; global_colors_info=&#8221;{}&#8221;][et_pb_image src=&#8221;https:\/\/iagenerativa.umh.es\/files\/2025\/03\/grok1-300&#215;225.jpg&#8221; title_text=&#8221;grok1&#8243; align=&#8221;center&#8221; _builder_version=&#8221;4.17.4&#8243; _module_preset=&#8221;default&#8221; box_shadow_style=&#8221;preset1&#8243; global_colors_info=&#8221;{}&#8221;][\/et_pb_image][\/et_pb_column][et_pb_column type=&#8221;3_5&#8243; _builder_version=&#8221;4.17.4&#8243; _module_preset=&#8221;default&#8221; global_colors_info=&#8221;{}&#8221;][et_pb_text admin_label=&#8221;titulo proyecto y referencias&#8221; _builder_version=&#8221;4.17.4&#8243; _module_preset=&#8221;default&#8221; background_color=&#8221;rgba(242,242,242,0.87)&#8221; custom_margin=&#8221;5px|5px|5px|5px|false|false&#8221; custom_padding=&#8221;15px|15px|15px|15px|false|false&#8221; border_width_all=&#8221;2px&#8221; border_color_all=&#8221;#00dfe2&#8243; border_style_all=&#8221;ridge&#8221; global_colors_info=&#8221;{}&#8221;]<\/p>\n<h2 style=\"text-align: center\"><strong>&#8220;Optimizaci\u00f3n de la atenci\u00f3n sanitaria mediante la capacitaci\u00f3n con pacientes virtuales basados en Inteligencia Artificial Generativa: <em>AIHealthTrainer&#8221;<\/em><\/strong><\/h2>\n<ul>\n<li style=\"text-align: left\"><strong>PI25\/00918, PI25\/00921, PI25\/01363, PI25\/01404, PI25\/01414, PI25\/01416, PI25\/01425, PI25\/01464<\/strong><\/li>\n<\/ul>\n<p>[\/et_pb_text][\/et_pb_column][\/et_pb_row][et_pb_row column_structure=&#8221;2_5,3_5&#8243; _builder_version=&#8221;4.16&#8243; background_size=&#8221;initial&#8221; background_position=&#8221;top_left&#8221; background_repeat=&#8221;repeat&#8221; global_colors_info=&#8221;{}&#8221;][et_pb_column type=&#8221;2_5&#8243; _builder_version=&#8221;4.16&#8243; custom_padding=&#8221;|||&#8221; global_colors_info=&#8221;{}&#8221; custom_padding__hover=&#8221;|||&#8221;][et_pb_text admin_label=&#8221;otros datos&#8221; _builder_version=&#8221;4.17.4&#8243; _module_preset=&#8221;default&#8221; background_color=&#8221;rgba(242,242,242,0.87)&#8221; custom_margin=&#8221;5px|5px|5px|5px|false|false&#8221; custom_padding=&#8221;15px|15px|15px|15px|false|false&#8221; border_width_all=&#8221;2px&#8221; border_color_all=&#8221;#00dfe2&#8243; border_style_all=&#8221;ridge&#8221; global_colors_info=&#8221;{}&#8221;]<\/p>\n<ul>\n<li style=\"text-align: left\">C\u00f3digo del proyecto coordinador: <strong>PI25\/00918.\u00a0<\/strong><\/li>\n<li style=\"text-align: left\">Centro coordinador. <strong>CONSORCIO SANITARIO P\u00daBLICO DEL ALJARAFE<\/strong><\/li>\n<li>IP centro coordinador: <strong>M. Victoria Ruiz Romero<\/strong><\/li>\n<\/ul>\n<p>[\/et_pb_text][et_pb_button button_url=&#8221;https:\/\/iagenerativa.umh.es\/fis2025\/&#8221; url_new_window=&#8221;on&#8221; button_text=&#8221;ACCESO INTERNO&#8221; button_alignment=&#8221;right&#8221; _builder_version=&#8221;4.17.4&#8243; _module_preset=&#8221;default&#8221; custom_button=&#8221;on&#8221; button_text_size=&#8221;12px&#8221; button_text_color=&#8221;#e02b20&#8243; button_border_color=&#8221;#e02b20&#8243; button_icon=&#8221;&#x73;||divi||400&#8243; button_on_hover=&#8221;off&#8221; button_border_color_tablet=&#8221;#e02b20&#8243; button_border_color_phone=&#8221;#e02b20&#8243; button_border_color_last_edited=&#8221;on|desktop&#8221; box_shadow_style=&#8221;preset1&#8243; global_colors_info=&#8221;{}&#8221; button_border_color__hover_enabled=&#8221;on|desktop&#8221; button_border_color__hover=&#8221;#e02b20&#8243;][\/et_pb_button][et_pb_text _builder_version=&#8221;4.17.4&#8243; _module_preset=&#8221;default&#8221; global_colors_info=&#8221;{}&#8221;]<\/p>\n<div class=\"page\" title=\"Page 3\">\n<div class=\"layoutArea\">\n<div class=\"column\">\n<p style=\"text-align: justify\">El proyecto busca la mejora de la atencio\u0301n sanitaria a trave\u0301s de una innovadora metodologi\u0301a de capacitacio\u0301n para los profesionales y futuros profesionales de la salud.<\/p>\n<p style=\"text-align: justify\">Optimizaremos la capacitacio\u0301n en a\u0301reas especi\u0301ficas, mediante la interaccio\u0301n con pacientes virtuales. Se utilizara\u0301 inteligencia artificial generativa (IAG) para el desarrollo de pacientes virtuales de gran realismo, que se integrara\u0301n en una plataforma gamificada para conseguir un mayor compromiso y permanencia en la formacio\u0301n continua.<\/p>\n<p style=\"text-align: justify\">Este proyecto multice\u0301ntrico busca extender la capacitacio\u0301n a las a\u0301reas de enfermeri\u0301a, medicina y psicologi\u0301a, dentro de un protocolo comu\u0301n de experimentacio\u0301n que permitira\u0301 evaluar la mejora obtenida en cuanto a la atencio\u0301n sanitaria. Se realizara\u0301n tanto experimentos frente a grupos de control, como experimentos pre-post (en funcio\u0301n del taman\u0303o grupal). El total de los datos recopilados en los subproyectos tambie\u0301n se analizara\u0301 de modo conjunto.<\/p>\n<p style=\"text-align: justify\">El impacto en salud se evaluara\u0301 mediante diversos indicadores, como el tiempo de consulta, la proporcio\u0301n de reconsultas y la incidencia de eventos adversos.<\/p>\n<p style=\"text-align: justify\">Se creara\u0301n pacientes especi\u0301ficos para la capacitacio\u0301n en a\u0301reas donde producen con ma\u0301s frecuencia errores de diagno\u0301stico o tratamiento debidos a sesgos de ge\u0301nero (enfermedades ma\u0301s frecuentes en pacientes hombres que pueden ser diagnosticadas erro\u0301nea o tardi\u0301amente para pacientes mujeres, como el infarto de miocardio).<\/p>\n<\/div>\n<\/div>\n<\/div>\n<p>[\/et_pb_text][\/et_pb_column][et_pb_column type=&#8221;3_5&#8243; _builder_version=&#8221;4.16&#8243; custom_padding=&#8221;|||&#8221; global_colors_info=&#8221;{}&#8221; custom_padding__hover=&#8221;|||&#8221;][et_pb_image src=&#8221;https:\/\/iagenerativa.umh.es\/files\/2025\/03\/organigrama_ASUN_v6-scaled.jpg&#8221; alt=&#8221;organigrama AIHealthTraine&#8221; title_text=&#8221;organigrama AIHealthTrainer&#8221; _builder_version=&#8221;4.17.4&#8243; _module_preset=&#8221;default&#8221; global_colors_info=&#8221;{}&#8221;][\/et_pb_image][\/et_pb_column][\/et_pb_row][et_pb_row _builder_version=&#8221;4.16&#8243; background_size=&#8221;initial&#8221; background_position=&#8221;top_left&#8221; background_repeat=&#8221;repeat&#8221; global_colors_info=&#8221;{}&#8221;][et_pb_column type=&#8221;4_4&#8243; _builder_version=&#8221;4.16&#8243; custom_padding=&#8221;|||&#8221; global_colors_info=&#8221;{}&#8221; custom_padding__hover=&#8221;|||&#8221;][et_pb_divider _builder_version=&#8221;4.17.4&#8243; _module_preset=&#8221;default&#8221; global_colors_info=&#8221;{}&#8221;][\/et_pb_divider][\/et_pb_column][\/et_pb_row][et_pb_row column_structure=&#8221;1_4,1_4,1_4,1_4&#8243; _builder_version=&#8221;4.16&#8243; background_size=&#8221;initial&#8221; background_position=&#8221;top_left&#8221; background_repeat=&#8221;repeat&#8221; global_colors_info=&#8221;{}&#8221;][et_pb_column type=&#8221;1_4&#8243; _builder_version=&#8221;4.16&#8243; custom_padding=&#8221;|||&#8221; global_colors_info=&#8221;{}&#8221; custom_padding__hover=&#8221;|||&#8221;][et_pb_image src=&#8221;https:\/\/iagenerativa.umh.es\/files\/2025\/03\/logo_HSJDA.png&#8221; title_text=&#8221;logo_HSJDA&#8221; _builder_version=&#8221;4.17.4&#8243; _module_preset=&#8221;default&#8221; background_enable_color=&#8221;off&#8221; global_colors_info=&#8221;{}&#8221;][\/et_pb_image][et_pb_image src=&#8221;https:\/\/iagenerativa.umh.es\/files\/2025\/03\/logoUHU-1.png&#8221; title_text=&#8221;logoUHU&#8221; _builder_version=&#8221;4.17.4&#8243; _module_preset=&#8221;default&#8221; background_enable_color=&#8221;off&#8221; global_colors_info=&#8221;{}&#8221;][\/et_pb_image][et_pb_image src=&#8221;https:\/\/iagenerativa.umh.es\/files\/2025\/03\/logoIDISNA.png&#8221; title_text=&#8221;logoIDISNA&#8221; _builder_version=&#8221;4.17.4&#8243; _module_preset=&#8221;default&#8221; background_enable_color=&#8221;off&#8221; global_colors_info=&#8221;{}&#8221;][\/et_pb_image][\/et_pb_column][et_pb_column type=&#8221;1_4&#8243; _builder_version=&#8221;4.16&#8243; custom_padding=&#8221;|||&#8221; global_colors_info=&#8221;{}&#8221; custom_padding__hover=&#8221;|||&#8221;][et_pb_image src=&#8221;https:\/\/iagenerativa.umh.es\/files\/2025\/03\/ESCUELA-COMILLAS-COLOR-LOGO-1.jpg&#8221; title_text=&#8221;ESCUELA-COMILLAS COLOR LOGO&#8221; _builder_version=&#8221;4.17.4&#8243; _module_preset=&#8221;default&#8221; global_colors_info=&#8221;{}&#8221;][\/et_pb_image][et_pb_image src=&#8221;https:\/\/iagenerativa.umh.es\/files\/2025\/03\/Logo_UCLM.png&#8221; title_text=&#8221;Logo_UCLM&#8221; _builder_version=&#8221;4.17.4&#8243; _module_preset=&#8221;default&#8221; global_colors_info=&#8221;{}&#8221;][\/et_pb_image][et_pb_image src=&#8221;https:\/\/iagenerativa.umh.es\/files\/2025\/03\/logo_UPNA_300ppp.png&#8221; title_text=&#8221;logo_UPNA_300ppp&#8221; _builder_version=&#8221;4.17.4&#8243; _module_preset=&#8221;default&#8221; global_colors_info=&#8221;{}&#8221;][\/et_pb_image][et_pb_image src=&#8221;https:\/\/iagenerativa.umh.es\/files\/2025\/03\/Fundacio\u0301n-SJD-Madrid-300&#215;88.jpg&#8221; title_text=&#8221;Fundacio\u0301n SJD Madrid&#8221; _builder_version=&#8221;4.17.4&#8243; _module_preset=&#8221;default&#8221; global_colors_info=&#8221;{}&#8221;][\/et_pb_image][\/et_pb_column][et_pb_column type=&#8221;1_4&#8243; _builder_version=&#8221;4.16&#8243; custom_padding=&#8221;|||&#8221; global_colors_info=&#8221;{}&#8221; custom_padding__hover=&#8221;|||&#8221;][et_pb_image src=&#8221;https:\/\/iagenerativa.umh.es\/files\/2025\/03\/logoUMH-1.jpeg&#8221; title_text=&#8221;logoUMH&#8221; _builder_version=&#8221;4.17.4&#8243; _module_preset=&#8221;default&#8221; global_colors_info=&#8221;{}&#8221;][\/et_pb_image][et_pb_image src=&#8221;https:\/\/iagenerativa.umh.es\/files\/2025\/03\/logo_hospitalRamonycajal-300&#215;50.png&#8221; title_text=&#8221;logo_hospitalRamonycajal&#8221; _builder_version=&#8221;4.17.4&#8243; _module_preset=&#8221;default&#8221; background_enable_color=&#8221;off&#8221; global_colors_info=&#8221;{}&#8221;][\/et_pb_image][et_pb_image src=&#8221;https:\/\/iagenerativa.umh.es\/files\/2025\/03\/logo_CESAG.png&#8221; title_text=&#8221;logo_CESAG&#8221; _builder_version=&#8221;4.17.4&#8243; _module_preset=&#8221;default&#8221; background_enable_color=&#8221;off&#8221; global_colors_info=&#8221;{}&#8221;][\/et_pb_image][et_pb_image src=&#8221;https:\/\/iagenerativa.umh.es\/files\/2025\/03\/logoUDMAFIC.png&#8221; title_text=&#8221;logoUDMAFIC&#8221; _builder_version=&#8221;4.17.4&#8243; _module_preset=&#8221;default&#8221; background_enable_color=&#8221;off&#8221; global_colors_info=&#8221;{}&#8221;][\/et_pb_image][\/et_pb_column][et_pb_column type=&#8221;1_4&#8243; _builder_version=&#8221;4.16&#8243; custom_padding=&#8221;|||&#8221; global_colors_info=&#8221;{}&#8221; custom_padding__hover=&#8221;|||&#8221;][et_pb_image src=&#8221;https:\/\/iagenerativa.umh.es\/files\/2025\/03\/logo_HospitalSanJuan.png&#8221; title_text=&#8221;logo_HospitalSanJuan&#8221; _builder_version=&#8221;4.17.4&#8243; _module_preset=&#8221;default&#8221; global_colors_info=&#8221;{}&#8221;][\/et_pb_image][et_pb_image src=&#8221;https:\/\/iagenerativa.umh.es\/files\/2025\/03\/logoirycis3x_w321.png&#8221; title_text=&#8221;logoirycis3x_w321&#8243; _builder_version=&#8221;4.17.4&#8243; _module_preset=&#8221;default&#8221; global_colors_info=&#8221;{}&#8221;][\/et_pb_image][et_pb_image src=&#8221;https:\/\/iagenerativa.umh.es\/files\/2025\/03\/logo_sonespases.png&#8221; title_text=&#8221;logo_sonespases&#8221; _builder_version=&#8221;4.17.4&#8243; _module_preset=&#8221;default&#8221; global_colors_info=&#8221;{}&#8221;][\/et_pb_image][et_pb_image src=&#8221;https:\/\/iagenerativa.umh.es\/files\/2025\/03\/logoSJD.png&#8221; title_text=&#8221;logoSJD&#8221; _builder_version=&#8221;4.17.4&#8243; _module_preset=&#8221;default&#8221; global_colors_info=&#8221;{}&#8221;][\/et_pb_image][\/et_pb_column][\/et_pb_row][\/et_pb_section]<\/p>\n","protected":false},"excerpt":{"rendered":"<p>Solicitud de proyecto para la convocatoria: &#8220;Proyectos de Investigaci\u00f3n en Salud (AES) \u2013 ISCIII&#8221; (2025)&#8221;Optimizaci\u00f3n de la atenci\u00f3n sanitaria mediante la capacitaci\u00f3n con pacientes virtuales basados en Inteligencia Artificial Generativa: AIHealthTrainer&#8221; PI25\/00918, PI25\/00921, PI25\/01363, PI25\/01404, PI25\/01414, PI25\/01416, PI25\/01425, PI25\/01464 C\u00f3digo del proyecto coordinador: PI25\/00918.\u00a0 Centro coordinador. CONSORCIO SANITARIO P\u00daBLICO DEL ALJARAFE IP centro coordinador: M. [&hellip;]<\/p>\n","protected":false},"author":1676,"featured_media":0,"parent":0,"menu_order":0,"comment_status":"closed","ping_status":"closed","template":"","meta":{"_et_pb_use_builder":"on","_et_pb_old_content":"","_et_gb_content_width":"","_links_to":"","_links_to_target":""},"_links":{"self":[{"href":"https:\/\/iagenerativa.umh.es\/ca\/wp-json\/wp\/v2\/pages\/1942"}],"collection":[{"href":"https:\/\/iagenerativa.umh.es\/ca\/wp-json\/wp\/v2\/pages"}],"about":[{"href":"https:\/\/iagenerativa.umh.es\/ca\/wp-json\/wp\/v2\/types\/page"}],"author":[{"embeddable":true,"href":"https:\/\/iagenerativa.umh.es\/ca\/wp-json\/wp\/v2\/users\/1676"}],"replies":[{"embeddable":true,"href":"https:\/\/iagenerativa.umh.es\/ca\/wp-json\/wp\/v2\/comments?post=1942"}],"version-history":[{"count":0,"href":"https:\/\/iagenerativa.umh.es\/ca\/wp-json\/wp\/v2\/pages\/1942\/revisions"}],"wp:attachment":[{"href":"https:\/\/iagenerativa.umh.es\/ca\/wp-json\/wp\/v2\/media?parent=1942"}],"curies":[{"name":"wp","href":"https:\/\/api.w.org\/{rel}","templated":true}]}}