{"id":2431,"date":"2025-04-16T18:01:55","date_gmt":"2025-04-16T16:01:55","guid":{"rendered":"https:\/\/iagenerativa.umh.es\/?page_id=2431"},"modified":"2025-04-16T19:20:13","modified_gmt":"2025-04-16T17:20:13","slug":"pieub202478","status":"publish","type":"page","link":"https:\/\/iagenerativa.umh.es\/ca\/pieub202478\/","title":{"rendered":"Borrador autom\u00e1tico"},"content":{"rendered":"<p>[et_pb_section fb_built=&#8221;1&#8243; _builder_version=&#8221;4.16&#8243; global_colors_info=&#8221;{}&#8221;][et_pb_row _builder_version=&#8221;4.17.4&#8243; min_height=&#8221;101.6px&#8221; global_colors_info=&#8221;{}&#8221;][et_pb_column type=&#8221;4_4&#8243; _builder_version=&#8221;4.16&#8243; custom_padding=&#8221;|||&#8221; global_colors_info=&#8221;{}&#8221; custom_padding__hover=&#8221;|||&#8221;][et_pb_text admin_label=&#8221;TITULO de la convocatoria&#8221; _builder_version=&#8221;4.17.4&#8243; background_color=&#8221;rgba(242,242,242,0.87)&#8221; custom_margin=&#8221;5px|5px|5px|5px|false|false&#8221; custom_padding=&#8221;15px|15px|15px|15px|false|false&#8221; border_width_all=&#8221;2px&#8221; border_color_all=&#8221;#00dfe2&#8243; border_style_all=&#8221;ridge&#8221; global_colors_info=&#8221;{}&#8221;]<\/p>\n<h2 style=\"text-align: justify\"><strong>PROYECTOS DE INNOVACI\u00d3N EDUCATIVA UNIVERSITARIA PIEU-UMH 2024<\/strong><\/h2>\n<p>[\/et_pb_text][\/et_pb_column][\/et_pb_row][et_pb_row column_structure=&#8221;1_3,2_3&#8243; _builder_version=&#8221;4.17.4&#8243; _module_preset=&#8221;default&#8221; global_colors_info=&#8221;{}&#8221;][et_pb_column type=&#8221;1_3&#8243; _builder_version=&#8221;4.17.4&#8243; _module_preset=&#8221;default&#8221; global_colors_info=&#8221;{}&#8221;][et_pb_image src=&#8221;https:\/\/iagenerativa.umh.es\/files\/2025\/04\/image_aula.jpg&#8221; title_text=&#8221;image_aula&#8221; align=&#8221;center&#8221; _builder_version=&#8221;4.17.4&#8243; _module_preset=&#8221;default&#8221; box_shadow_style=&#8221;preset1&#8243; global_colors_info=&#8221;{}&#8221;][\/et_pb_image][\/et_pb_column][et_pb_column type=&#8221;2_3&#8243; _builder_version=&#8221;4.17.4&#8243; _module_preset=&#8221;default&#8221; global_colors_info=&#8221;{}&#8221;][et_pb_text admin_label=&#8221;titulo proyecto y referencias&#8221; _builder_version=&#8221;4.17.4&#8243; _module_preset=&#8221;default&#8221; background_color=&#8221;rgba(242,242,242,0.87)&#8221; custom_margin=&#8221;5px|5px|5px|5px|false|false&#8221; custom_padding=&#8221;15px|15px|15px|15px|false|false&#8221; border_width_all=&#8221;2px&#8221; border_color_all=&#8221;#00dfe2&#8243; border_style_all=&#8221;ridge&#8221; global_colors_info=&#8221;{}&#8221;]<\/p>\n<h2 style=\"text-align: center\"><strong>&#8220;Fiabilidad vs credibilidad de las Inteligencias Artificiales Generativas. Una visi\u00f3n cr\u00edtica desde el punto de vista del estudiantado<em>&#8220;<\/em><\/strong><\/h2>\n<p>[\/et_pb_text][et_pb_text admin_label=&#8221;otros datos&#8221; _builder_version=&#8221;4.17.4&#8243; _module_preset=&#8221;default&#8221; background_color=&#8221;rgba(242,242,242,0.87)&#8221; custom_margin=&#8221;5px|5px|5px|5px|false|false&#8221; custom_padding=&#8221;15px|15px|15px|15px|false|false&#8221; border_width_all=&#8221;2px&#8221; border_color_all=&#8221;#00dfe2&#8243; border_style_all=&#8221;ridge&#8221; global_colors_info=&#8221;{}&#8221;]<\/p>\n<ul>\n<li style=\"text-align: left\">C\u00f3digo del proyecto: <strong>PIEU-B\/2024\/78<\/strong><\/li>\n<li>IP: <strong>Mercedes Guilabert Mora<\/strong><\/li>\n<\/ul>\n<p>[\/et_pb_text][\/et_pb_column][\/et_pb_row][et_pb_row column_structure=&#8221;2_3,1_3&#8243; _builder_version=&#8221;4.16&#8243; background_size=&#8221;initial&#8221; background_position=&#8221;top_left&#8221; background_repeat=&#8221;repeat&#8221; global_colors_info=&#8221;{}&#8221;][et_pb_column type=&#8221;2_3&#8243; _builder_version=&#8221;4.16&#8243; custom_padding=&#8221;|||&#8221; global_colors_info=&#8221;{}&#8221; custom_padding__hover=&#8221;|||&#8221;][et_pb_text admin_label=&#8221;Presentacion&#8221; _builder_version=&#8221;4.17.4&#8243; _module_preset=&#8221;default&#8221; global_colors_info=&#8221;{}&#8221;]<\/p>\n<div title=\"Page 3\">\n<h3 style=\"text-align: justify\"><strong data-start=\"1755\" data-end=\"1784\">PRESENTACI\u00d3N<\/strong><\/h3>\n<\/div>\n<div class=\"page\" title=\"Page 3\">\n<div class=\"layoutArea\">\n<div class=\"column\">\n<p style=\"text-align: justify\">Este proyecto forma parte del Programa de Innovaci\u00f3n Educativa Universitaria (PIEU-B\/2024\/78) de la Universidad Miguel Hern\u00e1ndez. Su objetivo es integrar herramientas de Inteligencia Artificial Generativa (IAG) en el aula para fomentar el pensamiento cr\u00edtico y la alfabetizaci\u00f3n digital del estudiantado.<\/p>\n<p style=\"text-align: justify\"><strong>Objetivos clave<\/strong>:<br \/>\u2714 Mejorar la motivaci\u00f3n del alumnado<br \/>\u2714 Desarrollar competencias digitales aplicadas<br \/>\u2714 Promover el trabajo en equipo y la coevaluaci\u00f3n<br \/>\u2714 Evaluar la credibilidad y fiabilidad de la IA en contextos acad\u00e9mico.<\/p>\n<\/div>\n<\/div>\n<\/div>\n<p>[\/et_pb_text][et_pb_text admin_label=&#8221;Metodologia&#8221; _builder_version=&#8221;4.17.4&#8243; _module_preset=&#8221;default&#8221; global_colors_info=&#8221;{}&#8221;]<\/p>\n<div class=\"page\" title=\"Page 3\">\n<div class=\"layoutArea\">\n<div class=\"column\">\n<h3 style=\"text-align: justify\"><strong data-start=\"1755\" data-end=\"1784\">METODOLOG\u00cdA<\/strong><\/h3>\n<p class=\"\" data-start=\"1755\" data-end=\"1986\">El proyecto se organiz\u00f3 en equipos de trabajo que seleccionaron t\u00e9rminos clave de la asignatura y crearon definiciones multimedia utilizando diversas IAG como ChatGPT, SUNO, Canva, Sora, entre otras.<\/p>\n<p class=\"\" data-start=\"1755\" data-end=\"1986\"><strong data-start=\"1988\" data-end=\"2012\">Etapas del proyecto:<\/strong><\/p>\n<ol>\n<li data-start=\"1755\" data-end=\"1986\">Selecci\u00f3n de conceptos clave<\/li>\n<li data-start=\"1755\" data-end=\"1986\">Formaci\u00f3n b\u00e1sica en herramientas de IAG<\/li>\n<li data-start=\"1755\" data-end=\"1986\">Creaci\u00f3n colaborativa de glosarios multimedia<\/li>\n<li data-start=\"1755\" data-end=\"1986\">Publicaci\u00f3n y votaci\u00f3n en <strong data-start=\"2174\" data-end=\"2184\">Padlet<\/strong><\/li>\n<li data-start=\"1755\" data-end=\"1986\">Evaluaci\u00f3n cr\u00edtica de resultados<\/li>\n<\/ol>\n<p><strong data-start=\"2224\" data-end=\"2266\">Plataformas y herramientas utilizadas:<\/strong><br data-start=\"2266\" data-end=\"2269\" \/>ChatGPT \u00b7 SUNO \u00b7 Canva \u00b7 InVideo \u00b7 Synthesia \u00b7 Gemini \u00b7 Sora \u00b7 Padlet<\/p>\n<\/div>\n<\/div>\n<\/div>\n<p>[\/et_pb_text][et_pb_text admin_label=&#8221;Resultados&#8221; _builder_version=&#8221;4.17.4&#8243; _module_preset=&#8221;default&#8221; global_colors_info=&#8221;{}&#8221;]<\/p>\n<div class=\"page\" title=\"Page 3\">\n<div class=\"layoutArea\">\n<div class=\"column\">\n<h3 style=\"text-align: justify\"><strong data-start=\"1755\" data-end=\"1784\">RESULTADOS<\/strong><\/h3>\n<p class=\"\" data-start=\"2370\" data-end=\"2514\"><strong data-start=\"2370\" data-end=\"2388\">Participaci\u00f3n:<\/strong><br data-start=\"2388\" data-end=\"2391\" \/>+74 estudiantes \u00b7 29 equipos de trabajo<br data-start=\"2430\" data-end=\"2433\" \/><strong data-start=\"2433\" data-end=\"2465\">Herramientas m\u00e1s utilizadas:<\/strong><br data-start=\"2465\" data-end=\"2468\" \/>ChatGPT (24), SUNO (9), InVideo (8), Canva (4)<\/p>\n<p class=\"\" data-start=\"2516\" data-end=\"2577\"><strong data-start=\"2516\" data-end=\"2555\">Valoraci\u00f3n media de la experiencia:<\/strong><br data-start=\"2555\" data-end=\"2558\" \/>\u2b50 <strong data-start=\"2560\" data-end=\"2577\">8,63 sobre 10<\/strong><\/p>\n<p class=\"\" data-start=\"2579\" data-end=\"2641\"><strong data-start=\"2579\" data-end=\"2600\">Proyecto ganador:<\/strong><br data-start=\"2600\" data-end=\"2603\" \/>\ud83c\udfac <em data-start=\"2606\" data-end=\"2639\">\u201cPaciente activo-sumiso-pasivo\u201d &#8211;\u00a0<\/em><a href=\"https:\/\/www.youtube.com\/watch?v=6lbzWGc3fCU&amp;t=9s\">ENLACE al v\u00eddeo<\/a><\/p>\n<p class=\"\" data-start=\"2579\" data-end=\"2641\"><strong data-start=\"2719\" data-end=\"2749\">Impacto en el aprendizaje:<\/strong><\/p>\n<ul data-start=\"2752\" data-end=\"2887\">\n<li class=\"\" data-start=\"2752\" data-end=\"2791\">\n<p class=\"\" data-start=\"2754\" data-end=\"2791\">Mejora de la comprensi\u00f3n conceptual<\/p>\n<\/li>\n<li class=\"\" data-start=\"2792\" data-end=\"2839\">\n<p class=\"\" data-start=\"2794\" data-end=\"2839\">Aprendizaje m\u00e1s creativo, ameno y accesible<\/p>\n<\/li>\n<li class=\"\" data-start=\"2840\" data-end=\"2887\">\n<p class=\"\" data-start=\"2842\" data-end=\"2887\">Desarrollo de pensamiento cr\u00edtico sobre la IA<\/p>\n<\/li>\n<\/ul>\n<\/div>\n<\/div>\n<\/div>\n<p>[\/et_pb_text][\/et_pb_column][et_pb_column type=&#8221;1_3&#8243; _builder_version=&#8221;4.16&#8243; custom_padding=&#8221;|||&#8221; global_colors_info=&#8221;{}&#8221; custom_padding__hover=&#8221;|||&#8221;][et_pb_text admin_label=&#8221;TEXTO titulo padlet 1&#8243; _builder_version=&#8221;4.17.4&#8243; _module_preset=&#8221;default&#8221; global_colors_info=&#8221;{}&#8221;]<\/p>\n<p><strong>PADLET 1. Calidad en el contexto de la Terapia Ocupacional:<\/strong><\/p>\n<p>[\/et_pb_text][et_pb_image src=&#8221;https:\/\/iagenerativa.umh.es\/files\/2025\/04\/m1_padlet-hmoqx17v9qt11y8a.jpeg&#8221; alt=&#8221;organigrama AIHealthTraine&#8221; title_text=&#8221;m1_padlet-hmoqx17v9qt11y8a&#8221; url=&#8221;https:\/\/padlet.com\/mguilabert\/m-dulo-1-calidad-en-el-contexto-de-la-terapia-ocupacional-20-hmoqx17v9qt11y8a&#8221; force_fullwidth=&#8221;on&#8221; admin_label=&#8221;Imagen padlet 1&#8243; _builder_version=&#8221;4.17.4&#8243; _module_preset=&#8221;default&#8221; global_colors_info=&#8221;{}&#8221;][\/et_pb_image][et_pb_text admin_label=&#8221;TEXTO titulo padlet 2&#8243; _builder_version=&#8221;4.17.4&#8243; _module_preset=&#8221;default&#8221; global_colors_info=&#8221;{}&#8221;]<\/p>\n<p><strong>PADLET 2. Seguridad del paciente:<\/strong><\/p>\n<p>[\/et_pb_text][et_pb_image src=&#8221;https:\/\/iagenerativa.umh.es\/files\/2025\/04\/m2_padlet-ryezrc11zlbq0hwv.jpeg&#8221; title_text=&#8221;m2_padlet-ryezrc11zlbq0hwv&#8221; url=&#8221;https:\/\/padlet.com\/mguilabert\/m-dulo-2-seguridad-del-paciente-2024-2025-av4aea5sgl68foog&#8221; admin_label=&#8221;Imagen padlet 2&#8243; _builder_version=&#8221;4.17.4&#8243; _module_preset=&#8221;default&#8221; global_colors_info=&#8221;{}&#8221;][\/et_pb_image][et_pb_text admin_label=&#8221;TEXTO titulo padlet 3&#8243; _builder_version=&#8221;4.17.4&#8243; _module_preset=&#8221;default&#8221; global_colors_info=&#8221;{}&#8221;]<\/p>\n<p><strong>PADLET 3. Cronicidad:<\/strong><\/p>\n<p>[\/et_pb_text][et_pb_image src=&#8221;https:\/\/iagenerativa.umh.es\/files\/2025\/04\/m3_padlet-av4aea5sgl68foog.jpeg&#8221; title_text=&#8221;m3_padlet-av4aea5sgl68foog&#8221; url=&#8221;https:\/\/padlet.com\/mguilabert\/m-dulo-3-cronicidad-2024-2025-ryezrc11zlbq0hwv&#8221; admin_label=&#8221;Imagen padlet 3&#8243; _builder_version=&#8221;4.17.4&#8243; _module_preset=&#8221;default&#8221; global_colors_info=&#8221;{}&#8221;][\/et_pb_image][et_pb_text admin_label=&#8221;TEXTO ganador&#8221; _builder_version=&#8221;4.17.4&#8243; _module_preset=&#8221;default&#8221; global_colors_info=&#8221;{}&#8221;]<\/p>\n<p><strong>Proyecto Ganador:<\/strong><\/p>\n<p>[\/et_pb_text][et_pb_video src=&#8221;https:\/\/www.youtube.com\/watch?v=6lbzWGc3fCU&amp;t=9s&#8221; _builder_version=&#8221;4.17.4&#8243; _module_preset=&#8221;default&#8221; global_colors_info=&#8221;{}&#8221;][\/et_pb_video][\/et_pb_column][\/et_pb_row][et_pb_row _builder_version=&#8221;4.16&#8243; background_size=&#8221;initial&#8221; background_position=&#8221;top_left&#8221; background_repeat=&#8221;repeat&#8221; global_colors_info=&#8221;{}&#8221;][et_pb_column type=&#8221;4_4&#8243; _builder_version=&#8221;4.16&#8243; custom_padding=&#8221;|||&#8221; global_colors_info=&#8221;{}&#8221; custom_padding__hover=&#8221;|||&#8221;][et_pb_divider _builder_version=&#8221;4.17.4&#8243; _module_preset=&#8221;default&#8221; global_colors_info=&#8221;{}&#8221;][\/et_pb_divider][\/et_pb_column][\/et_pb_row][\/et_pb_section]<\/p>\n","protected":false},"excerpt":{"rendered":"<p>PROYECTOS DE INNOVACI\u00d3N EDUCATIVA UNIVERSITARIA PIEU-UMH 2024 &#8220;Fiabilidad vs credibilidad de las Inteligencias Artificiales Generativas. Una visi\u00f3n cr\u00edtica desde el punto de vista del estudiantado&#8221; C\u00f3digo del proyecto: PIEU-B\/2024\/78 IP: Mercedes Guilabert Mora PRESENTACI\u00d3N Este proyecto forma parte del Programa de Innovaci\u00f3n Educativa Universitaria (PIEU-B\/2024\/78) de la Universidad Miguel Hern\u00e1ndez. Su objetivo es integrar herramientas [&hellip;]<\/p>\n","protected":false},"author":1676,"featured_media":0,"parent":0,"menu_order":0,"comment_status":"closed","ping_status":"closed","template":"","meta":{"_et_pb_use_builder":"on","_et_pb_old_content":"","_et_gb_content_width":"","_links_to":"","_links_to_target":""},"_links":{"self":[{"href":"https:\/\/iagenerativa.umh.es\/ca\/wp-json\/wp\/v2\/pages\/2431"}],"collection":[{"href":"https:\/\/iagenerativa.umh.es\/ca\/wp-json\/wp\/v2\/pages"}],"about":[{"href":"https:\/\/iagenerativa.umh.es\/ca\/wp-json\/wp\/v2\/types\/page"}],"author":[{"embeddable":true,"href":"https:\/\/iagenerativa.umh.es\/ca\/wp-json\/wp\/v2\/users\/1676"}],"replies":[{"embeddable":true,"href":"https:\/\/iagenerativa.umh.es\/ca\/wp-json\/wp\/v2\/comments?post=2431"}],"version-history":[{"count":0,"href":"https:\/\/iagenerativa.umh.es\/ca\/wp-json\/wp\/v2\/pages\/2431\/revisions"}],"wp:attachment":[{"href":"https:\/\/iagenerativa.umh.es\/ca\/wp-json\/wp\/v2\/media?parent=2431"}],"curies":[{"name":"wp","href":"https:\/\/api.w.org\/{rel}","templated":true}]}}