{"id":126,"date":"2024-05-16T13:11:26","date_gmt":"2024-05-16T11:11:26","guid":{"rendered":"https:\/\/iagenerativa.umh.es\/?page_id=126"},"modified":"2024-05-16T13:11:30","modified_gmt":"2024-05-16T11:11:30","slug":"cursoia_julio2024","status":"publish","type":"page","link":"https:\/\/iagenerativa.umh.es\/en\/cursoia_julio2024\/","title":{"rendered":"<span lang=\"es\">(Espa\u00f1ol) CursoIA_julio2024<\/span>"},"content":{"rendered":"<p>[et_pb_section fb_built=&#8221;1&#8243; _builder_version=&#8221;4.17.4&#8243; _module_preset=&#8221;default&#8221; global_colors_info=&#8221;{}&#8221; theme_builder_area=&#8221;post_content&#8221;][et_pb_row _builder_version=&#8221;4.17.4&#8243; _module_preset=&#8221;default&#8221; global_colors_info=&#8221;{}&#8221; theme_builder_area=&#8221;post_content&#8221;][et_pb_column type=&#8221;4_4&#8243; _builder_version=&#8221;4.17.4&#8243; _module_preset=&#8221;default&#8221; global_colors_info=&#8221;{}&#8221; theme_builder_area=&#8221;post_content&#8221;][et_pb_text _builder_version=&#8221;4.17.4&#8243; _module_preset=&#8221;default&#8221; global_colors_info=&#8221;{}&#8221; theme_builder_area=&#8221;post_content&#8221;]<\/p>\n<h3 style=\"text-align: left\"><em>Nuevo curso<\/em>:<\/h3>\n<h4 style=\"text-align: left\"><div class='et-box et-shadow'>\n\t\t\t\t\t<div class='et-box-content'><strong style=\"font-size: 26px\">Fundamentos de Inteligencia Artificial Generativa: <\/strong><strong style=\"font-size: 26px\">ChatGPT, Copilot, Gemini y &#8230; m\u00e1s all\u00e1.<\/strong><\/div><\/div><\/h4>\n<h4 style=\"text-align: right\"><strong>8, 9 y 11 de julio de 2024<\/strong><\/h4>\n<p>[\/et_pb_text][\/et_pb_column][\/et_pb_row][et_pb_row column_structure=&#8221;2_5,3_5&#8243; _builder_version=&#8221;4.17.4&#8243; _module_preset=&#8221;default&#8221; global_colors_info=&#8221;{}&#8221; theme_builder_area=&#8221;post_content&#8221;][et_pb_column type=&#8221;2_5&#8243; _builder_version=&#8221;4.17.4&#8243; _module_preset=&#8221;default&#8221; global_colors_info=&#8221;{}&#8221; theme_builder_area=&#8221;post_content&#8221;][et_pb_image src=&#8221;https:\/\/iagenerativa.umh.es\/files\/2024\/04\/DALL\u00b7E-2024-01-29-12.46.59-Imagine-a-scene-that-combines-the-essence-of-ChatGPT-with-the-everyday-work-environment-in-front-of-a-computer.-Picture-a-person-sitting-at-a-desk-fo.png&#8221; title_text=&#8221;DALL\u00b7E 2024-01-29 12.46.59 &#8211; Imagine a scene that combines the essence of ChatGPT with the everyday work environment in front of a computer. Picture a person sitting at a desk, fo&#8221; _builder_version=&#8221;4.17.4&#8243; _module_preset=&#8221;default&#8221; animation_style=&#8221;roll&#8221; global_colors_info=&#8221;{}&#8221; theme_builder_area=&#8221;post_content&#8221;][\/et_pb_image][\/et_pb_column][et_pb_column type=&#8221;3_5&#8243; _builder_version=&#8221;4.17.4&#8243; _module_preset=&#8221;default&#8221; global_colors_info=&#8221;{}&#8221; theme_builder_area=&#8221;post_content&#8221;][et_pb_text _builder_version=&#8221;4.17.4&#8243; _module_preset=&#8221;default&#8221; global_colors_info=&#8221;{}&#8221; theme_builder_area=&#8221;post_content&#8221;]<\/p>\n<p style=\"text-align: justify\">Este curso se impartir\u00e1\u0301 en el Campus de Elche de la Universidad Miguel Hern\u00e1ndez, concretamente en el aula de inform\u00e1tica del edificio Arenales, en las siguientes fechas y horarios:<\/p>\n<p>[\/et_pb_text][et_pb_text _builder_version=&#8221;4.17.4&#8243; _module_preset=&#8221;default&#8221; background_color=&#8221;#F0FFAD&#8221; global_colors_info=&#8221;{}&#8221; theme_builder_area=&#8221;post_content&#8221;]<\/p>\n<ul>\n<li>Lunes 8 de julio de 2024, de 10h a 13h.<\/li>\n<li>Martes 9 de julio de 2024, de 10h a 14h.<\/li>\n<li>Jueves 11 de julio de 2024, de 10h a 13h.<\/li>\n<\/ul>\n<p>[\/et_pb_text][et_pb_text _builder_version=&#8221;4.17.4&#8243; _module_preset=&#8221;default&#8221; global_colors_info=&#8221;{}&#8221; theme_builder_area=&#8221;post_content&#8221;]<\/p>\n<p style=\"text-align: justify\">En un mundo cada vez m\u00e1s impulsado por la tecnolog\u00eda, la habilidad para comprender y aplicar la inteligencia artificial es crucial. Este curso no solo ense\u00f1a las funcionalidades de herramientas avanzadas como ChatGPT, Copilot de Bing y\u00a0 Gemini, sino que tambi\u00e9n fomenta una conexi\u00f3n entre la teor\u00eda y las aplicaciones reales, preparando a los estudiantes para innovar y liderar en sus campos.<\/p>\n<p style=\"text-align: justify\">A trav\u00e9s de un enfoque pr\u00e1ctico, se alienta a los participantes a utilizar estas tecnolog\u00edas para desbloquear nuevas posibilidades creativas y mejorar la eficiencia, dot\u00e1ndolos de las habilidades necesarias para prosperar en un futuro digital.<\/p>\n<p>[\/et_pb_text][\/et_pb_column][\/et_pb_row][\/et_pb_section][et_pb_section fb_built=&#8221;1&#8243; _builder_version=&#8221;4.17.4&#8243; _module_preset=&#8221;default&#8221; global_colors_info=&#8221;{}&#8221; theme_builder_area=&#8221;post_content&#8221;][et_pb_row _builder_version=&#8221;4.17.4&#8243; _module_preset=&#8221;default&#8221; global_colors_info=&#8221;{}&#8221; theme_builder_area=&#8221;post_content&#8221;][et_pb_column type=&#8221;4_4&#8243; _builder_version=&#8221;4.17.4&#8243; _module_preset=&#8221;default&#8221; global_colors_info=&#8221;{}&#8221; theme_builder_area=&#8221;post_content&#8221;][et_pb_divider show_divider=&#8221;off&#8221; _builder_version=&#8221;4.17.4&#8243; _module_preset=&#8221;default&#8221; background_color=&#8221;#000000&#8243; custom_margin=&#8221;1px||1px||false|false&#8221; global_colors_info=&#8221;{}&#8221; theme_builder_area=&#8221;post_content&#8221;][\/et_pb_divider][\/et_pb_column][\/et_pb_row][et_pb_row column_structure=&#8221;1_4,1_2,1_4&#8243; _builder_version=&#8221;4.17.4&#8243; _module_preset=&#8221;default&#8221; custom_margin=&#8221;1px||1px||false|false&#8221; global_colors_info=&#8221;{}&#8221; theme_builder_area=&#8221;post_content&#8221;][et_pb_column type=&#8221;1_4&#8243; _builder_version=&#8221;4.17.4&#8243; _module_preset=&#8221;default&#8221; global_colors_info=&#8221;{}&#8221; theme_builder_area=&#8221;post_content&#8221;][\/et_pb_column][et_pb_column type=&#8221;1_2&#8243; _builder_version=&#8221;4.17.4&#8243; _module_preset=&#8221;default&#8221; global_colors_info=&#8221;{}&#8221; theme_builder_area=&#8221;post_content&#8221;][et_pb_image src=&#8221;https:\/\/iagenerativa.umh.es\/files\/2024\/04\/logoUMH.jpeg&#8221; title_text=&#8221;logoUMH&#8221; url=&#8221;https:\/\/umh.es\/&#8221; show_bottom_space=&#8221;off&#8221; _builder_version=&#8221;4.17.4&#8243; _module_preset=&#8221;default&#8221; global_colors_info=&#8221;{}&#8221; theme_builder_area=&#8221;post_content&#8221;][\/et_pb_image][\/et_pb_column][et_pb_column type=&#8221;1_4&#8243; _builder_version=&#8221;4.17.4&#8243; _module_preset=&#8221;default&#8221; global_colors_info=&#8221;{}&#8221; theme_builder_area=&#8221;post_content&#8221;][\/et_pb_column][\/et_pb_row][\/et_pb_section]<\/p>\n","protected":false},"excerpt":{"rendered":"<p>Nuevo curso: <div class='et-box et-shadow'>\n\t\t\t\t\t<div class='et-box-content'>Fundamentos de Inteligencia Artificial Generativa: ChatGPT, Copilot, Gemini y &#8230; m\u00e1s all\u00e1.<\/div><\/div> 8, 9 y 11 de julio de 2024Este curso se impartir\u00e1\u0301 en el Campus de Elche de la Universidad Miguel Hern\u00e1ndez, concretamente en el aula de inform\u00e1tica del edificio Arenales, en las siguientes fechas y horarios: Lunes 8 de julio de [&hellip;]<\/p>\n","protected":false},"author":1676,"featured_media":0,"parent":0,"menu_order":0,"comment_status":"closed","ping_status":"closed","template":"","meta":{"_et_pb_use_builder":"on","_et_pb_old_content":"","_et_gb_content_width":"","_links_to":"","_links_to_target":""},"_links":{"self":[{"href":"https:\/\/iagenerativa.umh.es\/en\/wp-json\/wp\/v2\/pages\/126"}],"collection":[{"href":"https:\/\/iagenerativa.umh.es\/en\/wp-json\/wp\/v2\/pages"}],"about":[{"href":"https:\/\/iagenerativa.umh.es\/en\/wp-json\/wp\/v2\/types\/page"}],"author":[{"embeddable":true,"href":"https:\/\/iagenerativa.umh.es\/en\/wp-json\/wp\/v2\/users\/1676"}],"replies":[{"embeddable":true,"href":"https:\/\/iagenerativa.umh.es\/en\/wp-json\/wp\/v2\/comments?post=126"}],"version-history":[{"count":0,"href":"https:\/\/iagenerativa.umh.es\/en\/wp-json\/wp\/v2\/pages\/126\/revisions"}],"wp:attachment":[{"href":"https:\/\/iagenerativa.umh.es\/en\/wp-json\/wp\/v2\/media?parent=126"}],"curies":[{"name":"wp","href":"https:\/\/api.w.org\/{rel}","templated":true}]}}