{"id":1625,"date":"2024-12-11T18:40:31","date_gmt":"2024-12-11T17:40:31","guid":{"rendered":"https:\/\/iagenerativa.umh.es\/?page_id=1625"},"modified":"2025-05-30T13:05:28","modified_gmt":"2025-05-30T11:05:28","slug":"capds","status":"publish","type":"page","link":"https:\/\/iagenerativa.umh.es\/en\/capds\/","title":{"rendered":"<span lang=\"es\">(Espa\u00f1ol) CAPDS<\/span>"},"content":{"rendered":"<p>[et_pb_section fb_built=&#8221;1&#8243; _builder_version=&#8221;4.17.4&#8243; _module_preset=&#8221;default&#8221; global_colors_info=&#8221;{}&#8221;][et_pb_row _builder_version=&#8221;4.17.4&#8243; _module_preset=&#8221;default&#8221; global_colors_info=&#8221;{}&#8221;][et_pb_column type=&#8221;4_4&#8243; _builder_version=&#8221;4.17.4&#8243; _module_preset=&#8221;default&#8221; global_colors_info=&#8221;{}&#8221;][et_pb_text admin_label=&#8221;Texto&#8221; _builder_version=&#8221;4.17.4&#8243; _module_preset=&#8221;default&#8221; global_colors_info=&#8221;{}&#8221;]<\/p>\n<h3 style=\"text-align: left\">\u00a0<\/h3>\n<h1 style=\"text-align: left\"><strong>CURSO:<\/strong><\/h1>\n<h1 style=\"text-align: left\"><strong>&#8220;Impulsa tu productividad con IA generativa: ChatGPT, Copilot y NotebookLM&#8221;<\/strong><\/h1>\n<h4 style=\"text-align: right\"><strong>2\u00aa edici\u00f3n: 12 y 13 de junio de 2025<\/strong><\/h4>\n<p>&nbsp;<\/p>\n<p>&nbsp;<\/p>\n<p>[\/et_pb_text][et_pb_image src=&#8221;https:\/\/iagenerativa.umh.es\/files\/2024\/12\/A_green-themed_computer_classroom_in_a_horizontal_converted.png&#8221; title_text=&#8221;A_green-themed_computer_classroom_in_a_horizontal_converted&#8221; admin_label=&#8221;Imagen&#8221; _builder_version=&#8221;4.17.4&#8243; _module_preset=&#8221;default&#8221; background_enable_image=&#8221;off&#8221; animation_style=&#8221;roll&#8221; global_colors_info=&#8221;{}&#8221;][\/et_pb_image][\/et_pb_column][\/et_pb_row][et_pb_row column_structure=&#8221;1_4,3_4&#8243; _builder_version=&#8221;4.17.4&#8243; _module_preset=&#8221;default&#8221; custom_margin=&#8221;|auto|30px|auto|false|false&#8221; custom_margin_tablet=&#8221;|auto|30px|auto|false|false&#8221; custom_margin_phone=&#8221;|auto|30px|auto|false|false&#8221; custom_margin_last_edited=&#8221;on|phone&#8221; custom_padding=&#8221;0px|0px|0px|0px|false|false&#8221; border_width_all=&#8221;2px&#8221; border_color_all=&#8221;#7CDA24&#8243; global_colors_info=&#8221;{}&#8221;][et_pb_column type=&#8221;1_4&#8243; _builder_version=&#8221;4.17.4&#8243; _module_preset=&#8221;default&#8221; global_colors_info=&#8221;{}&#8221;][et_pb_image src=&#8221;https:\/\/iagenerativa.umh.es\/files\/2024\/12\/logoCAPDS.jpg&#8221; title_text=&#8221;logoCAPDS&#8221; _builder_version=&#8221;4.17.4&#8243; _module_preset=&#8221;default&#8221; custom_margin=&#8221;||||false|false&#8221; custom_padding=&#8221;60px|||5px|false|false&#8221; global_colors_info=&#8221;{}&#8221;][\/et_pb_image][et_pb_image src=&#8221;https:\/\/iagenerativa.umh.es\/files\/2024\/04\/logoUMH.jpeg&#8221; title_text=&#8221;logoUMH&#8221; _builder_version=&#8221;4.17.4&#8243; _module_preset=&#8221;default&#8221; custom_margin=&#8221;||||false|false&#8221; custom_padding=&#8221;10px|||5px|false|false&#8221; global_colors_info=&#8221;{}&#8221;][\/et_pb_image][\/et_pb_column][et_pb_column type=&#8221;3_4&#8243; _builder_version=&#8221;4.17.4&#8243; _module_preset=&#8221;default&#8221; global_colors_info=&#8221;{}&#8221;][et_pb_text admin_label=&#8221;Texto&#8221; _builder_version=&#8221;4.17.4&#8243; _module_preset=&#8221;default&#8221; custom_margin=&#8221;||||false|false&#8221; custom_padding=&#8221;|15px||15px|false|false&#8221; global_colors_info=&#8221;{}&#8221;]<\/p>\n<h3><\/h3>\n<h3 style=\"text-align: left\"><strong>CURSO: <\/strong><\/h3>\n<h3 style=\"text-align: left\"><em><strong>Impulsa tu productividad con IA generativa: ChatGPT, Copilot y NotebookLM<\/strong><\/em><\/h3>\n<ul>\n<li>Fechas: <strong>12 y 13 de junio de enero de 2025, <\/strong><em><strong>de 15:00 a 19:00 \u00a0<\/strong><strong>(8 horas<\/strong>).<\/em><\/li>\n<li>Lugar:<strong> Universidad Miguel Hern\u00e1ndez, EPSO, Campus de Desamparados, <em>Edificio Biblioteca (aula de inform\u00e1tica)<\/em><\/strong><\/li>\n<li>N\u00famero de plazas: <strong>32<\/strong><\/li>\n<li>Con certificado de asistencia y aprovechamiento.<\/li>\n<li>Organiza: <strong>CATEDRA DE AGRICULTURA DE PRECISI\u00d3N DIGITALIZACI\u00d3N Y SOSTENIBILIDAD. <a href=\"https:\/\/epso.umh.es\/\">EPSO-UMH<\/a>.<\/strong><\/li>\n<li>Preinscripci\u00f3n y matricula desde la web de Cursos de Verano 24\/25 de la Universidad Miguel Hern\u00e1ndez: <a href=\"https:\/\/www.umh.es\/contenido\/Estudios\/:tit_fpo_16755\/datos_es.html\">https:\/\/www.umh.es\/contenido\/Estudios\/:tit_fpo_16755\/datos_es.html<\/a><\/li>\n<\/ul>\n<p>&nbsp;<\/p>\n<p>[\/et_pb_text][\/et_pb_column][\/et_pb_row][et_pb_row column_structure=&#8221;1_2,1_2&#8243; _builder_version=&#8221;4.17.4&#8243; _module_preset=&#8221;default&#8221; background_enable_color=&#8221;off&#8221; border_color_all=&#8221;RGBA(255,255,255,0)&#8221; global_colors_info=&#8221;{}&#8221;][et_pb_column type=&#8221;1_2&#8243; _builder_version=&#8221;4.17.4&#8243; _module_preset=&#8221;default&#8221; background_color=&#8221;#AADB24&#8243; global_colors_info=&#8221;{}&#8221;][et_pb_button button_url=&#8221;https:\/\/www.umh.es\/contenido\/Estudios\/:tit_fpo_16755\/datos_es.html&#8221; button_text=&#8221;PREINSCRIPCI\u00d3N y MATR\u00cdCULA&#8221; button_alignment=&#8221;center&#8221; _builder_version=&#8221;4.17.4&#8243; _module_preset=&#8221;default&#8221; background_layout=&#8221;dark&#8221; custom_margin=&#8221;||||false|false&#8221; custom_padding=&#8221;||||false|false&#8221; box_shadow_style=&#8221;preset4&#8243; global_colors_info=&#8221;{}&#8221;][\/et_pb_button][\/et_pb_column][et_pb_column type=&#8221;1_2&#8243; _builder_version=&#8221;4.17.4&#8243; _module_preset=&#8221;default&#8221; background_color=&#8221;#6B6B6B&#8221; global_colors_info=&#8221;{}&#8221;][et_pb_button button_url=&#8221;https:\/\/iagenerativa.umh.es\/files\/2025\/05\/CartelcursoIA_CAPDS_junio2025_v1.pdf&#8221; button_text=&#8221;Descarga la informaci\u00f3n del curso en PDF&#8221; button_alignment=&#8221;center&#8221; _builder_version=&#8221;4.17.4&#8243; _module_preset=&#8221;default&#8221; background_layout=&#8221;dark&#8221; custom_margin=&#8221;||||false|false&#8221; custom_padding=&#8221;||||false|false&#8221; box_shadow_style=&#8221;preset4&#8243; global_colors_info=&#8221;{}&#8221;][\/et_pb_button][\/et_pb_column][\/et_pb_row][et_pb_row _builder_version=&#8221;4.17.4&#8243; _module_preset=&#8221;default&#8221; custom_padding=&#8221;5px|8px|5px|8px|false|false&#8221; border_width_all=&#8221;3px&#8221; border_color_all=&#8221;#6B6B6B&#8221; global_colors_info=&#8221;{}&#8221;][et_pb_column type=&#8221;4_4&#8243; _builder_version=&#8221;4.17.4&#8243; _module_preset=&#8221;default&#8221; global_colors_info=&#8221;{}&#8221;][et_pb_text admin_label=&#8221;Texto&#8221; _builder_version=&#8221;4.17.4&#8243; _module_preset=&#8221;default&#8221; custom_margin=&#8221;0px||||false|false&#8221; custom_padding=&#8221;0px|40px||40px|false|false&#8221; global_colors_info=&#8221;{}&#8221;]<\/p>\n<h4><\/h4>\n<h4><strong>Contenido del curso: <\/strong><\/h4>\n<ul>\n<li>Qu\u00e9 son y c\u00f3mo funcionan las herramientas de Inteligencia Artificial generativa m\u00e1s populares: <strong><em>ChatGPT, Copilot y NotebookLM<\/em><\/strong><\/li>\n<li>Uso de <strong><em>ChatGPT, Copilot y NotebookLM <\/em><\/strong>para diversas tareas de productividad:\n<ul>\n<li style=\"text-align: left\"><em>Redacci\u00f3n, revisi\u00f3n de textos y correcci\u00f3n gramatical.<\/em><\/li>\n<li><em>Traducci\u00f3n y adaptaci\u00f3n de textos a diferentes audiencias.<\/em><\/li>\n<li><em>Modificaci\u00f3n de formatos, creaci\u00f3n de im\u00e1genes y generaci\u00f3n de contenido multimedia.<\/em><\/li>\n<li><em>Optimizaci\u00f3n para SEO y redes sociales.<\/em><\/li>\n<li><em>Lectura y b\u00fasqueda de informaci\u00f3n en documentos, realizaci\u00f3n de res\u00famenes.<\/em><\/li>\n<li><em>Creaci\u00f3n de tablas y gr\u00e1ficos exportables a formatos como Excel.<\/em><\/li>\n<li><em>Manejo de Excel.<\/em><\/li>\n<li style=\"text-align: left\"><em>B\u00fasquedas bibliogr\u00e1ficas en agricultura.<\/em><\/li>\n<\/ul>\n<\/li>\n<\/ul>\n<h4><strong>Beneficios de asistir a este curso:<\/strong><\/h4>\n<ul>\n<li><strong>Mejora de la productividad:<\/strong> Optimiza tus tareas diarias con la ayuda de ChatGPT y adquiere habilidades y conocimientos aplicables y agilidad en tu trabajo diario delante del ordenador.<\/li>\n<\/ul>\n<p>&nbsp;<br \/>\n[\/et_pb_text][\/et_pb_column][\/et_pb_row][et_pb_row column_structure=&#8221;1_2,1_2&#8243; _builder_version=&#8221;4.17.4&#8243; _module_preset=&#8221;default&#8221; background_enable_color=&#8221;off&#8221; border_color_all=&#8221;RGBA(255,255,255,0)&#8221; global_colors_info=&#8221;{}&#8221;][et_pb_column type=&#8221;1_2&#8243; _builder_version=&#8221;4.17.4&#8243; _module_preset=&#8221;default&#8221; background_color=&#8221;#AADB24&#8243; global_colors_info=&#8221;{}&#8221;][et_pb_button button_url=&#8221;https:\/\/www.umh.es\/contenido\/Estudios\/:tit_fpo_16755\/datos_es.html&#8221; button_text=&#8221;PREINSCRIPCI\u00d3N y MATR\u00cdCULA&#8221; button_alignment=&#8221;center&#8221; _builder_version=&#8221;4.17.4&#8243; _module_preset=&#8221;default&#8221; background_layout=&#8221;dark&#8221; custom_margin=&#8221;||||false|false&#8221; custom_padding=&#8221;||||false|false&#8221; box_shadow_style=&#8221;preset4&#8243; global_colors_info=&#8221;{}&#8221;][\/et_pb_button][\/et_pb_column][et_pb_column type=&#8221;1_2&#8243; _builder_version=&#8221;4.17.4&#8243; _module_preset=&#8221;default&#8221; background_color=&#8221;#6B6B6B&#8221; global_colors_info=&#8221;{}&#8221;][et_pb_button button_url=&#8221;https:\/\/iagenerativa.umh.es\/files\/2025\/05\/CartelcursoIA_CAPDS_junio2025_v1.pdf&#8221; button_text=&#8221;Descarga la informaci\u00f3n del curso en PDF&#8221; button_alignment=&#8221;center&#8221; _builder_version=&#8221;4.17.4&#8243; _module_preset=&#8221;default&#8221; background_layout=&#8221;dark&#8221; custom_margin=&#8221;||||false|false&#8221; custom_padding=&#8221;||||false|false&#8221; box_shadow_style=&#8221;preset4&#8243; global_colors_info=&#8221;{}&#8221;][\/et_pb_button][\/et_pb_column][\/et_pb_row][et_pb_row disabled_on=&#8221;on|on|on&#8221; _builder_version=&#8221;4.17.4&#8243; _module_preset=&#8221;default&#8221; background_enable_color=&#8221;off&#8221; border_color_all=&#8221;RGBA(255,255,255,0)&#8221; disabled=&#8221;on&#8221; global_colors_info=&#8221;{}&#8221;][et_pb_column type=&#8221;4_4&#8243; _builder_version=&#8221;4.17.4&#8243; _module_preset=&#8221;default&#8221; background_color=&#8221;#AADB24&#8243; global_colors_info=&#8221;{}&#8221;][et_pb_button button_url=&#8221;https:\/\/iagenerativa.umh.es\/capds\/material-para-el-curso-capds\/&#8221; button_text=&#8221;Material del curso para descargar&#8221; button_alignment=&#8221;center&#8221; _builder_version=&#8221;4.17.4&#8243; _module_preset=&#8221;default&#8221; background_layout=&#8221;dark&#8221; custom_margin=&#8221;||||false|false&#8221; custom_padding=&#8221;||||false|false&#8221; box_shadow_style=&#8221;preset4&#8243; global_colors_info=&#8221;{}&#8221;][\/et_pb_button][\/et_pb_column][\/et_pb_row][\/et_pb_section][et_pb_section fb_built=&#8221;1&#8243; _builder_version=&#8221;4.17.4&#8243; _module_preset=&#8221;default&#8221; global_colors_info=&#8221;{}&#8221;][et_pb_row _builder_version=&#8221;4.17.4&#8243; _module_preset=&#8221;default&#8221; global_colors_info=&#8221;{}&#8221;][et_pb_column type=&#8221;4_4&#8243; _builder_version=&#8221;4.17.4&#8243; _module_preset=&#8221;default&#8221; global_colors_info=&#8221;{}&#8221;][et_pb_divider show_divider=&#8221;off&#8221; _builder_version=&#8221;4.17.4&#8243; _module_preset=&#8221;default&#8221; background_color=&#8221;#000000&#8243; custom_margin=&#8221;1px||1px||false|false&#8221; global_colors_info=&#8221;{}&#8221;][\/et_pb_divider][\/et_pb_column][\/et_pb_row][et_pb_row column_structure=&#8221;2_5,3_5&#8243; _builder_version=&#8221;4.17.4&#8243; _module_preset=&#8221;default&#8221; custom_margin=&#8221;1px||1px||false|false&#8221; global_colors_info=&#8221;{}&#8221;][et_pb_column type=&#8221;2_5&#8243; _builder_version=&#8221;4.17.4&#8243; _module_preset=&#8221;default&#8221; global_colors_info=&#8221;{}&#8221;][et_pb_image src=&#8221;https:\/\/iagenerativa.umh.es\/files\/2024\/12\/logoCAPDS.jpg&#8221; title_text=&#8221;logoCAPDS&#8221; _builder_version=&#8221;4.17.4&#8243; _module_preset=&#8221;default&#8221; global_colors_info=&#8221;{}&#8221;][\/et_pb_image][\/et_pb_column][et_pb_column type=&#8221;3_5&#8243; _builder_version=&#8221;4.17.4&#8243; _module_preset=&#8221;default&#8221; global_colors_info=&#8221;{}&#8221;][et_pb_image src=&#8221;https:\/\/iagenerativa.umh.es\/files\/2024\/04\/logoUMH.jpeg&#8221; title_text=&#8221;logoUMH&#8221; url=&#8221;https:\/\/umh.es\/&#8221; show_bottom_space=&#8221;off&#8221; _builder_version=&#8221;4.17.4&#8243; _module_preset=&#8221;default&#8221; global_colors_info=&#8221;{}&#8221;][\/et_pb_image][\/et_pb_column][\/et_pb_row][\/et_pb_section]<\/p>\n","protected":false},"excerpt":{"rendered":"<p>\u00a0 CURSO: &#8220;Impulsa tu productividad con IA generativa: ChatGPT, Copilot y NotebookLM&#8221; 2\u00aa edici\u00f3n: 12 y 13 de junio de 2025 &nbsp; &nbsp; CURSO: Impulsa tu productividad con IA generativa: ChatGPT, Copilot y NotebookLM Fechas: 12 y 13 de junio de enero de 2025, de 15:00 a 19:00 \u00a0(8 horas). Lugar: Universidad Miguel Hern\u00e1ndez, EPSO, [&hellip;]<\/p>\n","protected":false},"author":1676,"featured_media":0,"parent":0,"menu_order":0,"comment_status":"closed","ping_status":"closed","template":"","meta":{"_et_pb_use_builder":"on","_et_pb_old_content":"","_et_gb_content_width":"","_links_to":"","_links_to_target":""},"_links":{"self":[{"href":"https:\/\/iagenerativa.umh.es\/en\/wp-json\/wp\/v2\/pages\/1625"}],"collection":[{"href":"https:\/\/iagenerativa.umh.es\/en\/wp-json\/wp\/v2\/pages"}],"about":[{"href":"https:\/\/iagenerativa.umh.es\/en\/wp-json\/wp\/v2\/types\/page"}],"author":[{"embeddable":true,"href":"https:\/\/iagenerativa.umh.es\/en\/wp-json\/wp\/v2\/users\/1676"}],"replies":[{"embeddable":true,"href":"https:\/\/iagenerativa.umh.es\/en\/wp-json\/wp\/v2\/comments?post=1625"}],"version-history":[{"count":0,"href":"https:\/\/iagenerativa.umh.es\/en\/wp-json\/wp\/v2\/pages\/1625\/revisions"}],"wp:attachment":[{"href":"https:\/\/iagenerativa.umh.es\/en\/wp-json\/wp\/v2\/media?parent=1625"}],"curies":[{"name":"wp","href":"https:\/\/api.w.org\/{rel}","templated":true}]}}