{"id":2624,"date":"2025-06-09T13:32:15","date_gmt":"2025-06-09T11:32:15","guid":{"rendered":"https:\/\/iagenerativa.umh.es\/?page_id=2624"},"modified":"2025-06-09T13:54:37","modified_gmt":"2025-06-09T11:54:37","slug":"proyectopieusandra","status":"publish","type":"page","link":"https:\/\/iagenerativa.umh.es\/en\/proyectopieusandra\/","title":{"rendered":"<span lang=\"es\">(Espa\u00f1ol) ProyectoPIEUSandra<\/span>"},"content":{"rendered":"<p>[et_pb_section fb_built=&#8221;1&#8243; _builder_version=&#8221;4.17.4&#8243; global_colors_info=&#8221;{}&#8221;][et_pb_row _builder_version=&#8221;4.17.4&#8243; min_height=&#8221;101.6px&#8221; global_colors_info=&#8221;{}&#8221;][et_pb_column type=&#8221;4_4&#8243; _builder_version=&#8221;4.16&#8243; custom_padding=&#8221;|||&#8221; global_colors_info=&#8221;{}&#8221; custom_padding__hover=&#8221;|||&#8221;][et_pb_text admin_label=&#8221;TITULO de la convocatoria&#8221; _builder_version=&#8221;4.17.4&#8243; background_color=&#8221;rgba(242,242,242,0.87)&#8221; custom_margin=&#8221;5px|5px|5px|5px|false|false&#8221; custom_padding=&#8221;15px|15px|15px|15px|false|false&#8221; border_width_all=&#8221;2px&#8221; border_color_all=&#8221;#00dfe2&#8243; border_style_all=&#8221;ridge&#8221; global_colors_info=&#8221;{}&#8221;]<\/p>\n<h2 style=\"text-align: justify\"><strong>PROYECTOS DE INNOVACI\u00d3N EDUCATIVA UNIVERSITARIA PIEU-UMH 2024<\/strong><\/h2>\n<p>[\/et_pb_text][\/et_pb_column][\/et_pb_row][et_pb_row _builder_version=&#8221;4.17.4&#8243; _module_preset=&#8221;default&#8221; global_colors_info=&#8221;{}&#8221;][et_pb_column type=&#8221;4_4&#8243; _builder_version=&#8221;4.17.4&#8243; _module_preset=&#8221;default&#8221; global_colors_info=&#8221;{}&#8221;][et_pb_text admin_label=&#8221;titulo proyecto y referencias&#8221; _builder_version=&#8221;4.17.4&#8243; _module_preset=&#8221;default&#8221; background_color=&#8221;rgba(242,242,242,0.87)&#8221; custom_margin=&#8221;5px|5px|5px|5px|false|false&#8221; custom_padding=&#8221;15px|15px|15px|15px|false|false&#8221; border_width_all=&#8221;2px&#8221; border_color_all=&#8221;#00dfe2&#8243; border_style_all=&#8221;ridge&#8221; global_colors_info=&#8221;{}&#8221;]<\/p>\n<h2 style=\"text-align: center\"><strong>&#8220;Experiencia en el uso de Pacientes Virtuales en la asignatura Psicopatolog\u00eda&#8221;<\/strong><\/h2>\n<p>[\/et_pb_text][\/et_pb_column][\/et_pb_row][et_pb_row column_structure=&#8221;1_4,3_4&#8243; _builder_version=&#8221;4.17.4&#8243; _module_preset=&#8221;default&#8221; global_colors_info=&#8221;{}&#8221;][et_pb_column type=&#8221;1_4&#8243; _builder_version=&#8221;4.17.4&#8243; _module_preset=&#8221;default&#8221; global_colors_info=&#8221;{}&#8221;][et_pb_text admin_label=&#8221;otros datos&#8221; _builder_version=&#8221;4.17.4&#8243; _module_preset=&#8221;default&#8221; background_color=&#8221;rgba(242,242,242,0.87)&#8221; custom_margin=&#8221;5px|5px|5px|5px|false|false&#8221; custom_padding=&#8221;15px|15px|15px|15px|false|false&#8221; border_width_all=&#8221;2px&#8221; border_color_all=&#8221;#00dfe2&#8243; border_style_all=&#8221;ridge&#8221; global_colors_info=&#8221;{}&#8221;]<\/p>\n<ul>\n<li style=\"text-align: left\">C\u00f3digo del proyecto: <strong>PIEU-B\/2024\/72<\/strong><\/li>\n<li>IP: Alexandra Morales Sabuco<\/li>\n<\/ul>\n<p>[\/et_pb_text][\/et_pb_column][et_pb_column type=&#8221;3_4&#8243; _builder_version=&#8221;4.17.4&#8243; _module_preset=&#8221;default&#8221; global_colors_info=&#8221;{}&#8221;][et_pb_text admin_label=&#8221;Presentacion&#8221; _builder_version=&#8221;4.17.4&#8243; _module_preset=&#8221;default&#8221; global_colors_info=&#8221;{}&#8221;]<\/p>\n<div title=\"Page 3\">\n<h3 style=\"text-align: justify\"><span style=\"color: #666666;font-size: 14px\">El uso de pacientes virtuales (PV) basados en inteligencia artificial generativa (IAG) ofrece nuevas oportunidades para la formaci\u00f3n cl\u00ednica en Psicolog\u00eda. Este estudio describe una experiencia de innovaci\u00f3n docente desarrollada en una universidad p\u00fablica espa\u00f1ola, en la asignatura de Psicopatolog\u00eda del Grado en Psicolog\u00eda, cuyo objetivo fue evaluar el impacto de los PV generados con ChatGPT en cuatro dimensiones clave: mejora en el aprendizaje activo (identificaci\u00f3n de s\u00edntomas y diagn\u00f3stico diferencial), satisfacci\u00f3n y motivaci\u00f3n con la herramienta, grado de participaci\u00f3n durante las sesiones y valoraci\u00f3n global de la experiencia.<\/span><\/h3>\n<\/div>\n<p>[\/et_pb_text][\/et_pb_column][\/et_pb_row][et_pb_row _builder_version=&#8221;4.17.4&#8243; _module_preset=&#8221;default&#8221; global_colors_info=&#8221;{}&#8221;][et_pb_column type=&#8221;4_4&#8243; _builder_version=&#8221;4.17.4&#8243; _module_preset=&#8221;default&#8221; global_colors_info=&#8221;{}&#8221;][et_pb_text admin_label=&#8221;Presentacion&#8221; _builder_version=&#8221;4.17.4&#8243; _module_preset=&#8221;default&#8221; global_colors_info=&#8221;{}&#8221;]<\/p>\n<div title=\"Page 3\">\u00a0<\/div>\n<div class=\"page\" title=\"Page 3\">\n<div class=\"layoutArea\">\n<div class=\"column\">\n<h3 style=\"text-align: justify\">Haz click en la siguiente imagen para acceder a la presentaci\u00f3n de la ponencia:<\/h3>\n<\/div>\n<\/div>\n<\/div>\n<p>[\/et_pb_text][et_pb_image src=&#8221;https:\/\/iagenerativa.umh.es\/files\/2025\/06\/Captura-de-pantalla-2025-06-09-a-las-13.22.26.png&#8221; url=&#8221;https:\/\/view.genially.com\/6821c0fe587c1bcf5fdabe94&#8243; _builder_version=&#8221;4.17.4&#8243; _module_preset=&#8221;default&#8221; global_colors_info=&#8221;{}&#8221;][\/et_pb_image][\/et_pb_column][\/et_pb_row][\/et_pb_section]<\/p>\n","protected":false},"excerpt":{"rendered":"<p>PROYECTOS DE INNOVACI\u00d3N EDUCATIVA UNIVERSITARIA PIEU-UMH 2024 &#8220;Experiencia en el uso de Pacientes Virtuales en la asignatura Psicopatolog\u00eda&#8221; C\u00f3digo del proyecto: PIEU-B\/2024\/72 IP: Alexandra Morales Sabuco El uso de pacientes virtuales (PV) basados en inteligencia artificial generativa (IAG) ofrece nuevas oportunidades para la formaci\u00f3n cl\u00ednica en Psicolog\u00eda. Este estudio describe una experiencia de innovaci\u00f3n docente [&hellip;]<\/p>\n","protected":false},"author":1676,"featured_media":0,"parent":0,"menu_order":0,"comment_status":"closed","ping_status":"closed","template":"","meta":{"_et_pb_use_builder":"on","_et_pb_old_content":"","_et_gb_content_width":"","_links_to":"","_links_to_target":""},"_links":{"self":[{"href":"https:\/\/iagenerativa.umh.es\/en\/wp-json\/wp\/v2\/pages\/2624"}],"collection":[{"href":"https:\/\/iagenerativa.umh.es\/en\/wp-json\/wp\/v2\/pages"}],"about":[{"href":"https:\/\/iagenerativa.umh.es\/en\/wp-json\/wp\/v2\/types\/page"}],"author":[{"embeddable":true,"href":"https:\/\/iagenerativa.umh.es\/en\/wp-json\/wp\/v2\/users\/1676"}],"replies":[{"embeddable":true,"href":"https:\/\/iagenerativa.umh.es\/en\/wp-json\/wp\/v2\/comments?post=2624"}],"version-history":[{"count":0,"href":"https:\/\/iagenerativa.umh.es\/en\/wp-json\/wp\/v2\/pages\/2624\/revisions"}],"wp:attachment":[{"href":"https:\/\/iagenerativa.umh.es\/en\/wp-json\/wp\/v2\/media?parent=2624"}],"curies":[{"name":"wp","href":"https:\/\/api.w.org\/{rel}","templated":true}]}}