{"id":2863,"date":"2025-11-04T11:54:42","date_gmt":"2025-11-04T10:54:42","guid":{"rendered":"https:\/\/iagenerativa.umh.es\/?page_id=2863"},"modified":"2026-04-20T13:00:01","modified_gmt":"2026-04-20T11:00:01","slug":"aunex","status":"publish","type":"page","link":"https:\/\/iagenerativa.umh.es\/en\/aunex\/","title":{"rendered":"<span lang=\"es\">(Espa\u00f1ol) AUNEX<\/span>"},"content":{"rendered":"<p>[et_pb_section fb_built=&#8221;1&#8243; _builder_version=&#8221;4.17.4&#8243; _module_preset=&#8221;default&#8221; custom_padding=&#8221;|||0px||&#8221; global_colors_info=&#8221;{}&#8221;][et_pb_row _builder_version=&#8221;4.17.4&#8243; _module_preset=&#8221;default&#8221; global_colors_info=&#8221;{}&#8221;][et_pb_column type=&#8221;4_4&#8243; _builder_version=&#8221;4.17.4&#8243; _module_preset=&#8221;default&#8221; global_colors_info=&#8221;{}&#8221;][et_pb_text admin_label=&#8221;Texto&#8221; _builder_version=&#8221;4.17.4&#8243; _module_preset=&#8221;default&#8221; global_colors_info=&#8221;{}&#8221;]<\/p>\n<h3 style=\"text-align: left\">\u00a0<\/h3>\n<h1 style=\"text-align: left\"><strong>CURSO:<\/strong><\/h1>\n<h1 style=\"text-align: left\"><strong>&#8220;Tu nueva compa\u00f1era inteligente: c\u00f3mo sacar partido a la Inteligencia Artificial&#8221;<\/strong><\/h1>\n<p><strong>Aprende a crear y comunicar con la ayuda de la Inteligencia Artificial.<\/strong><\/p>\n<h4 class=\"et_pb_module_header\" style=\"text-align: right\">AULAS UNIVERSITARIAS DE LA EXPERIENCIA (<a href=\"https:\/\/sabiex.umh.es\/aunex\/\">AUNEX<\/a>) CURSO 2025\/2026<\/h4>\n<h4 style=\"text-align: right\">\u00a0<\/h4>\n<p>[\/et_pb_text][\/et_pb_column][\/et_pb_row][et_pb_row column_structure=&#8221;2_5,3_5&#8243; _builder_version=&#8221;4.17.4&#8243; _module_preset=&#8221;default&#8221; custom_margin=&#8221;||||false|false&#8221; custom_padding=&#8221;15px|8px|15px|8px|false|false&#8221; border_width_all=&#8221;3px&#8221; border_color_all=&#8221;#6B6B6B&#8221; global_colors_info=&#8221;{}&#8221;][et_pb_column type=&#8221;2_5&#8243; _builder_version=&#8221;4.17.4&#8243; _module_preset=&#8221;default&#8221; global_colors_info=&#8221;{}&#8221;][et_pb_image src=&#8221;https:\/\/iagenerativa.umh.es\/files\/2025\/11\/ChatGPT-Image-4-nov-2025-11_59_36-1.png&#8221; title_text=&#8221;ChatGPT Image 4 nov 2025, 11_59_36&#8243; _builder_version=&#8221;4.17.4&#8243; _module_preset=&#8221;default&#8221; global_colors_info=&#8221;{}&#8221;][\/et_pb_image][\/et_pb_column][et_pb_column type=&#8221;3_5&#8243; _builder_version=&#8221;4.17.4&#8243; _module_preset=&#8221;default&#8221; global_colors_info=&#8221;{}&#8221;][et_pb_text admin_label=&#8221;Texto&#8221; _builder_version=&#8221;4.17.4&#8243; _module_preset=&#8221;default&#8221; custom_margin=&#8221;0px||||false|false&#8221; custom_padding=&#8221;0px|40px||40px|false|false&#8221; global_colors_info=&#8221;{}&#8221;]<\/p>\n<h4><\/h4>\n<h4><strong>Contenido del curso:<\/strong><\/h4>\n<p data-start=\"105\" data-end=\"726\">En este curso descubrir\u00e1s de forma pr\u00e1ctica y amena c\u00f3mo la Inteligencia Artificial puede convertirse en una aliada en tu d\u00eda a d\u00eda. Aprender\u00e1s a utilizar herramientas como ChatGPT, Gemini o Grok para escribir textos, resumir informaci\u00f3n, generar ideas y crear im\u00e1genes originales. A lo largo de este seminario exploraremos sus aplicaciones m\u00e1s \u00fatiles y creativas, reflexionaremos sobre los aspectos \u00e9ticos y de autor\u00eda, y analizaremos c\u00f3mo estas tecnolog\u00edas pueden influir en nuestra forma de comunicar y de mirar el mundo. Un curso pensado para despertar la curiosidad, fomentar la creatividad y aprovechar todo el potencial de la Inteligencia Artificial de manera responsable e inclusiva.<\/p>\n<p>&nbsp;<\/p>\n<p>[\/et_pb_text][\/et_pb_column][\/et_pb_row][et_pb_row column_structure=&#8221;1_3,1_3,1_3&#8243; _builder_version=&#8221;4.17.4&#8243; _module_preset=&#8221;default&#8221; custom_padding=&#8221;15px|8px|15px|8px|false|false&#8221; border_width_all=&#8221;3px&#8221; border_color_all=&#8221;#6B6B6B&#8221; global_colors_info=&#8221;{}&#8221;][et_pb_column type=&#8221;1_3&#8243; _builder_version=&#8221;4.17.4&#8243; _module_preset=&#8221;default&#8221; global_colors_info=&#8221;{}&#8221;][et_pb_text admin_label=&#8221;Texto&#8221; _builder_version=&#8221;4.17.4&#8243; _module_preset=&#8221;default&#8221; custom_margin=&#8221;0px||||false|false&#8221; custom_padding=&#8221;0px|40px||40px|false|false&#8221; global_colors_info=&#8221;{}&#8221;]<\/p>\n<p>Herramientas como <strong data-start=\"165\" data-end=\"191\">ChatGPT, Grok o Gemini<\/strong> pueden ser grandes aliadas en el d\u00eda a d\u00eda.<\/p>\n<p>Permiten <strong data-start=\"245\" data-end=\"264\">escribir textos<\/strong> con facilidad \u2014como cartas, correos o relatos personales\u2014, <strong data-start=\"324\" data-end=\"362\">buscar informaci\u00f3n o aclarar dudas<\/strong> de forma sencilla, <strong data-start=\"382\" data-end=\"414\">resumir art\u00edculos o noticias<\/strong>, y hasta <strong data-start=\"424\" data-end=\"472\">ayudar a preparar presentaciones o discursos<\/strong>.<\/p>\n<p>Tambi\u00e9n pueden <strong data-start=\"489\" data-end=\"542\">proponer ideas para actividades, recetas o viajes<\/strong>, o incluso servir de <strong data-start=\"564\" data-end=\"594\">compa\u00f1eras de conversaci\u00f3n<\/strong> para practicar idiomas o aprender algo nuevo cada d\u00eda.<\/p>\n<p>Su objetivo no es sustituir lo que sabemos, sino <strong data-start=\"699\" data-end=\"733\">ampliar nuestras posibilidades<\/strong>, haciendo m\u00e1s f\u00e1cil, creativa y estimulante nuestra relaci\u00f3n con la tecnolog\u00eda.<\/p>\n<p>[\/et_pb_text][\/et_pb_column][et_pb_column type=&#8221;1_3&#8243; _builder_version=&#8221;4.17.4&#8243; _module_preset=&#8221;default&#8221; global_colors_info=&#8221;{}&#8221;][et_pb_video src=&#8221;https:\/\/iagenerativa.umh.es\/files\/2025\/11\/grok-video-0c3d026e-7e1a-498e-9b21-dd92c2832846.mp4&#8243; _builder_version=&#8221;4.17.4&#8243; _module_preset=&#8221;default&#8221; global_colors_info=&#8221;{}&#8221;][\/et_pb_video][\/et_pb_column][et_pb_column type=&#8221;1_3&#8243; _builder_version=&#8221;4.17.4&#8243; _module_preset=&#8221;default&#8221; global_colors_info=&#8221;{}&#8221;][et_pb_text _builder_version=&#8221;4.17.4&#8243; _module_preset=&#8221;default&#8221; global_colors_info=&#8221;{}&#8221;]<\/p>\n<p style=\"text-align: left\" data-start=\"217\" data-end=\"372\"><strong>\u00a0 \u00a0 \u00a0 \u00a0 \u00a0 SONETO<\/strong><\/p>\n<pre data-start=\"217\" data-end=\"372\"><em>Lleg\u00f3 a mi vida, atenta y diligente,<\/em><br data-start=\"253\" data-end=\"256\" \/><em>no pide pan, caf\u00e9 ni una mantita,<\/em><br data-start=\"289\" data-end=\"292\" \/><em>pero me ayuda \u2014\u00a1vaya que facilita!\u2014<\/em><br data-start=\"327\" data-end=\"330\" \/><em>a escribir, cocinar o ser m\u00e1s elocuente.<\/em>\n\n<em>Le cuento dudas, sue\u00f1os y presente,<\/em><br data-start=\"409\" data-end=\"412\" \/><em>y en un segundo, toda est\u00e1 escrita:<\/em><br data-start=\"447\" data-end=\"450\" \/><em>la carta, el verso o receta exquisita,<\/em><br data-start=\"488\" data-end=\"491\" \/><em>como si fuese maga inteligente.<\/em>\n\n<em>No manda, no sermonea, no ladra,<\/em><br data-start=\"558\" data-end=\"561\" \/><em>solo me inspira, ense\u00f1a y acompa\u00f1a,<\/em><br data-start=\"596\" data-end=\"599\" \/><em>sin enfadarse, incluso si me enfado.<\/em>\n\n<em>Y yo, feliz, sin prisa ni monta\u00f1a,<\/em><br data-start=\"673\" data-end=\"676\" \/><em>charlo con ella \u2014mi amiga cuadrada\u2014,<\/em><br data-start=\"712\" data-end=\"715\" \/><em>y el mundo digital me ha conquistado.<\/em><\/pre>\n<p>[\/et_pb_text][\/et_pb_column][\/et_pb_row][\/et_pb_section][et_pb_section fb_built=&#8221;1&#8243; admin_label=&#8221;Secci\u00f3n MATERIAL&#8221; _builder_version=&#8221;4.17.4&#8243; _module_preset=&#8221;default&#8221; global_colors_info=&#8221;{}&#8221;][et_pb_row _builder_version=&#8221;4.17.4&#8243; _module_preset=&#8221;default&#8221; global_colors_info=&#8221;{}&#8221;][et_pb_column type=&#8221;4_4&#8243; _builder_version=&#8221;4.17.4&#8243; _module_preset=&#8221;default&#8221; global_colors_info=&#8221;{}&#8221;][et_pb_divider show_divider=&#8221;off&#8221; _builder_version=&#8221;4.17.4&#8243; _module_preset=&#8221;default&#8221; background_color=&#8221;#000000&#8243; custom_margin=&#8221;1px||1px||false|false&#8221; global_colors_info=&#8221;{}&#8221;][\/et_pb_divider][et_pb_text admin_label=&#8221;MATERIAL&#8221; _builder_version=&#8221;4.17.4&#8243; _module_preset=&#8221;default&#8221; hover_enabled=&#8221;0&#8243; global_colors_info=&#8221;{}&#8221; sticky_enabled=&#8221;0&#8243;]<\/p>\n<h3>\u00a0<\/h3>\n<h1><strong>MATERIAL DEL CURSO\u00a0\u00a0<\/strong><\/h1>\n<ul>\n<li style=\"list-style-type: none\">\n<ul>\n<li><a href=\"https:\/\/iagenerativa.umh.es\/files\/2026\/04\/FICHAS_IAS_v2.pdf\">Listado de plataformas de IA<\/a><\/li>\n<li><a href=\"https:\/\/iagenerativa.umh.es\/files\/2026\/04\/Presentacion_ChatGPT_v2.pdf\">PRESENTACION CHATGPT<\/a><\/li>\n<li><a href=\"https:\/\/iagenerativa.umh.es\/files\/2026\/04\/Presentacion_META.pdf\">PRESENTACION META<\/a><\/li>\n<li><a href=\"https:\/\/drive.google.com\/file\/d\/1qvT4-sELhHQWmizbhSQ5PWLrkoYrSBKw\/view?usp=drive_link\">PRESENTACION GROK<\/a><\/li>\n<li>Canal con los videos: <a href=\"https:\/\/www.youtube.com\/@MariaAsuncionVicenteRipoll\/shorts\">https:\/\/www.youtube.com\/@MariaAsuncionVicenteRipoll\/shorts<\/a><\/li>\n<\/ul>\n<\/li>\n<\/ul>\n<p>[\/et_pb_text][et_pb_text admin_label=&#8221;ENlaces a IAS&#8221; _builder_version=&#8221;4.17.4&#8243; _module_preset=&#8221;default&#8221; global_colors_info=&#8221;{}&#8221;]<\/p>\n<h1><strong>ENLACES A LAS PRINCIPALES PLATAFORMAS de IAs Generativas<\/strong><\/h1>\n<div>\n<div class=\"mod-indent-outer w-100\">\n<ul>\n<li class=\"activityinstance\"><strong><a class=\"aalink\" href=\"https:\/\/chatgpt.com\/\"><span class=\"instancename\">ChatGPT de OpenAI<\/span><\/a><\/strong><\/li>\n<li class=\"activityinstance\"><a href=\"https:\/\/grok.com\/\"><strong>GROK<\/strong><\/a><\/li>\n<li class=\"activityinstance\"><strong><a href=\"https:\/\/aistudio.google.com\/\">AISTUDIO ( incluye Gemini y Nanobanana)<\/a><\/strong><\/li>\n<li><strong><a href=\"https:\/\/notebooklm.google\/\">NotebookLM<\/a><\/strong><\/li>\n<li class=\"activityinstance\"><strong><a class=\"aalink\" href=\"https:\/\/gemini.google.com\/app?hl=es-ES\"><span class=\"instancename\">Gemini de Google<\/span><\/a><\/strong><\/li>\n<li><strong><a class=\"aalink\" href=\"https:\/\/copilot.microsoft.com\"><span class=\"instancename\">Copilot de Microsoft\u00a0<\/span><\/a><\/strong><\/li>\n<li><strong><a class=\"aalink\" href=\"https:\/\/www.dall-efree.com\/\"><span class=\"instancename\">DALL-E 3<\/span><\/a><\/strong><\/li>\n<li class=\"activityinstance\"><strong><a class=\"aalink\" href=\"https:\/\/luzia.com\"><span class=\"instancename\">Luzia<\/span><\/a><\/strong><\/li>\n<li class=\"activityinstance\"><strong><a href=\"https:\/\/claude.ai\/new\">Claude<\/a><\/strong><\/li>\n<li class=\"activityinstance\"><a href=\"https:\/\/www.midjourney.com\/home\"><strong>Midjourney<\/strong><\/a><\/li>\n<li class=\"activityinstance\"><a href=\"https:\/\/stability.ai\/stable-image\"><strong>Stable Diffusion<\/strong><\/a><\/li>\n<li class=\"activityinstance\"><strong><a href=\"https:\/\/www.adobe.com\/es\/products\/firefly.html?gclid=CjwKCAjw4ri0BhAvEiwA8oo6FzuxziFJ3-sPUfJ_c0OGW4ffaXByEHJuXqIH_5DY0sbnQBSuXylyqBoCFGcQAvD_BwE&amp;mv=search&amp;mv=search&amp;mv2=paidsearch&amp;sdid=VPM4K3RR&amp;ef_id=CjwKCAjw4ri0BhAvEiwA8oo6FzuxziFJ3-sPUfJ_c0OGW4ffaXByEHJuXqIH_5DY0sbnQBSuXylyqBoCFGcQAvD_BwE:G:s&amp;s_kwcid=AL!3085!3!697325073003!e!!g!!adobe%20firefly!20351522761!152084316458&amp;gad_source=1\">Adobe Firefly<\/a><\/strong><\/li>\n<li class=\"activityinstance\"><strong><a href=\"https:\/\/app.leonardo.a\">Leonardo AI<\/a><\/strong><\/li>\n<li class=\"activityinstance\"><a href=\"https:\/\/www.krea.ai\/home\"><strong>KREA<\/strong><\/a><\/li>\n<li class=\"activityinstance\"><a href=\"https:\/\/www.canva.com\/es_es\/\"><strong>CANVA<\/strong><\/a><\/li>\n<li class=\"activityinstance\"><a href=\"https:\/\/openai.com\/index\/sora\/\"><strong>SORA (openai)<\/strong><\/a><\/li>\n<li class=\"activityinstance\"><a href=\"https:\/\/deepmind.google\/technologies\/veo\/\"><strong>VEO (google)<\/strong><\/a><\/li>\n<li class=\"activityinstance\"><a href=\"https:\/\/suno.com\/\"><strong>SUNO<\/strong><\/a><\/li>\n<li class=\"activityinstance\"><a href=\"https:\/\/www.stableaudio.com\/\"><strong>Stable Audio<\/strong><\/a><\/li>\n<li class=\"activityinstance\"><a href=\"https:\/\/www.notta.ai\/\"><strong>NOTTA.AI<\/strong><\/a><\/li>\n<li class=\"activityinstance\"><a href=\"https:\/\/otter.ai\/\"><strong>OTTER.AI<\/strong><\/a><\/li>\n<li class=\"activityinstance\"><a href=\"https:\/\/gamma.app\/create\"><strong>Gamma<\/strong><\/a><\/li>\n<\/ul>\n<\/div>\n<\/div>\n<p>[\/et_pb_text][et_pb_text admin_label=&#8221;YOUTUBE videos&#8221; _builder_version=&#8221;4.17.4&#8243; _module_preset=&#8221;default&#8221; global_colors_info=&#8221;{}&#8221;]<\/p>\n<h2><strong>VIDEOS tutoriales de uso de ChatGPT\u00a0<\/strong><\/h2>\n<p style=\"text-align: center\"><a href=\"https:\/\/www.youtube.com\/shorts\/gSn9J3s6HWQ\">https:\/\/www.youtube.com\/shorts\/gSn9J3s6HWQ<\/a><\/p>\n<p>&nbsp;<\/p>\n<p>&nbsp;<\/p>\n<p>&nbsp;<\/p>\n<p>[\/et_pb_text][\/et_pb_column][\/et_pb_row][\/et_pb_section][et_pb_section fb_built=&#8221;1&#8243; admin_label=&#8221;Secci\u00f3n FINAL&#8221; _builder_version=&#8221;4.17.4&#8243; _module_preset=&#8221;default&#8221; global_colors_info=&#8221;{}&#8221;][et_pb_row _builder_version=&#8221;4.17.4&#8243; _module_preset=&#8221;default&#8221; global_colors_info=&#8221;{}&#8221;][et_pb_column type=&#8221;4_4&#8243; _builder_version=&#8221;4.17.4&#8243; _module_preset=&#8221;default&#8221; global_colors_info=&#8221;{}&#8221;][et_pb_divider show_divider=&#8221;off&#8221; _builder_version=&#8221;4.17.4&#8243; _module_preset=&#8221;default&#8221; background_color=&#8221;#000000&#8243; custom_margin=&#8221;1px||1px||false|false&#8221; global_colors_info=&#8221;{}&#8221;][\/et_pb_divider][\/et_pb_column][\/et_pb_row][et_pb_row column_structure=&#8221;1_4,1_4,1_4,1_4&#8243; _builder_version=&#8221;4.17.4&#8243; _module_preset=&#8221;default&#8221; custom_margin=&#8221;1px||1px||false|false&#8221; global_colors_info=&#8221;{}&#8221;][et_pb_column type=&#8221;1_4&#8243; _builder_version=&#8221;4.17.4&#8243; _module_preset=&#8221;default&#8221; global_colors_info=&#8221;{}&#8221;][\/et_pb_column][et_pb_column type=&#8221;1_4&#8243; _builder_version=&#8221;4.17.4&#8243; _module_preset=&#8221;default&#8221; global_colors_info=&#8221;{}&#8221;][\/et_pb_column][et_pb_column type=&#8221;1_4&#8243; _builder_version=&#8221;4.17.4&#8243; _module_preset=&#8221;default&#8221; global_colors_info=&#8221;{}&#8221;][\/et_pb_column][et_pb_column type=&#8221;1_4&#8243; _builder_version=&#8221;4.17.4&#8243; _module_preset=&#8221;default&#8221; global_colors_info=&#8221;{}&#8221;][et_pb_image src=&#8221;https:\/\/iagenerativa.umh.es\/files\/2024\/04\/logoUMH.jpeg&#8221; title_text=&#8221;logoUMH&#8221; url=&#8221;https:\/\/umh.es\/&#8221; show_bottom_space=&#8221;off&#8221; _builder_version=&#8221;4.17.4&#8243; _module_preset=&#8221;default&#8221; global_colors_info=&#8221;{}&#8221;][\/et_pb_image][\/et_pb_column][\/et_pb_row][\/et_pb_section]<\/p>\n","protected":false},"excerpt":{"rendered":"<p>\u00a0 CURSO: &#8220;Tu nueva compa\u00f1era inteligente: c\u00f3mo sacar partido a la Inteligencia Artificial&#8221; Aprende a crear y comunicar con la ayuda de la Inteligencia Artificial. AULAS UNIVERSITARIAS DE LA EXPERIENCIA (AUNEX) CURSO 2025\/2026 \u00a0 Contenido del curso: En este curso descubrir\u00e1s de forma pr\u00e1ctica y amena c\u00f3mo la Inteligencia Artificial puede convertirse en una aliada [&hellip;]<\/p>\n","protected":false},"author":1676,"featured_media":0,"parent":0,"menu_order":0,"comment_status":"closed","ping_status":"closed","template":"","meta":{"_et_pb_use_builder":"on","_et_pb_old_content":"","_et_gb_content_width":"","_links_to":"","_links_to_target":""},"_links":{"self":[{"href":"https:\/\/iagenerativa.umh.es\/en\/wp-json\/wp\/v2\/pages\/2863"}],"collection":[{"href":"https:\/\/iagenerativa.umh.es\/en\/wp-json\/wp\/v2\/pages"}],"about":[{"href":"https:\/\/iagenerativa.umh.es\/en\/wp-json\/wp\/v2\/types\/page"}],"author":[{"embeddable":true,"href":"https:\/\/iagenerativa.umh.es\/en\/wp-json\/wp\/v2\/users\/1676"}],"replies":[{"embeddable":true,"href":"https:\/\/iagenerativa.umh.es\/en\/wp-json\/wp\/v2\/comments?post=2863"}],"version-history":[{"count":0,"href":"https:\/\/iagenerativa.umh.es\/en\/wp-json\/wp\/v2\/pages\/2863\/revisions"}],"wp:attachment":[{"href":"https:\/\/iagenerativa.umh.es\/en\/wp-json\/wp\/v2\/media?parent=2863"}],"curies":[{"name":"wp","href":"https:\/\/api.w.org\/{rel}","templated":true}]}}