{"id":3190,"date":"2026-01-13T12:41:02","date_gmt":"2026-01-13T11:41:02","guid":{"rendered":"https:\/\/iagenerativa.umh.es\/?page_id=3190"},"modified":"2026-01-13T16:40:09","modified_gmt":"2026-01-13T15:40:09","slug":"pid2024-aihealthtrainer","status":"publish","type":"page","link":"https:\/\/iagenerativa.umh.es\/en\/pid2024-aihealthtrainer\/","title":{"rendered":"Borrador autom\u00e1tico"},"content":{"rendered":"<p>[et_pb_section fb_built=&#8221;1&#8243; _builder_version=&#8221;4.16&#8243; global_colors_info=&#8221;{}&#8221;][et_pb_row column_structure=&#8221;1_3,1_3,1_3&#8243; _builder_version=&#8221;4.17.4&#8243; global_colors_info=&#8221;{}&#8221;][et_pb_column type=&#8221;1_3&#8243; _builder_version=&#8221;4.16&#8243; custom_padding=&#8221;|||&#8221; global_colors_info=&#8221;{}&#8221; custom_padding__hover=&#8221;|||&#8221;][\/et_pb_column][et_pb_column type=&#8221;1_3&#8243; _builder_version=&#8221;4.16&#8243; custom_padding=&#8221;|||&#8221; global_colors_info=&#8221;{}&#8221; custom_padding__hover=&#8221;|||&#8221;][et_pb_image src=&#8221;https:\/\/iagenerativa.umh.es\/files\/2026\/01\/Logotipo_del_Ministerio_de_Ciencia_Innovacio\u0301n_y_Universidades.svg.png&#8221; title_text=&#8221;Logotipo_del_Ministerio_de_Ciencia,_Innovacio\u0301n_y_Universidades.svg&#8221; force_fullwidth=&#8221;on&#8221; _builder_version=&#8221;4.17.4&#8243; _module_preset=&#8221;default&#8221; global_colors_info=&#8221;{}&#8221;][\/et_pb_image][\/et_pb_column][et_pb_column type=&#8221;1_3&#8243; _builder_version=&#8221;4.16&#8243; custom_padding=&#8221;|||&#8221; global_colors_info=&#8221;{}&#8221; custom_padding__hover=&#8221;|||&#8221;][\/et_pb_column][\/et_pb_row][et_pb_row column_structure=&#8221;2_5,3_5&#8243; _builder_version=&#8221;4.17.4&#8243; _module_preset=&#8221;default&#8221; global_colors_info=&#8221;{}&#8221;][et_pb_column type=&#8221;2_5&#8243; _builder_version=&#8221;4.17.4&#8243; _module_preset=&#8221;default&#8221; global_colors_info=&#8221;{}&#8221;][et_pb_image src=&#8221;https:\/\/iagenerativa.umh.es\/files\/2026\/01\/matriz_pacientes.png&#8221; title_text=&#8221;matriz_pacientes&#8221; align=&#8221;center&#8221; _builder_version=&#8221;4.17.4&#8243; _module_preset=&#8221;default&#8221; box_shadow_style=&#8221;preset1&#8243; global_colors_info=&#8221;{}&#8221;][\/et_pb_image][\/et_pb_column][et_pb_column type=&#8221;3_5&#8243; _builder_version=&#8221;4.17.4&#8243; _module_preset=&#8221;default&#8221; global_colors_info=&#8221;{}&#8221;][et_pb_text admin_label=&#8221;titulo proyecto y referencias&#8221; _builder_version=&#8221;4.17.4&#8243; _module_preset=&#8221;default&#8221; background_color=&#8221;rgba(242,242,242,0.87)&#8221; custom_margin=&#8221;5px|5px|5px|5px|false|false&#8221; custom_padding=&#8221;15px|15px|15px|15px|false|false&#8221; border_width_all=&#8221;2px&#8221; border_color_all=&#8221;#00dfe2&#8243; border_style_all=&#8221;ridge&#8221; global_colors_info=&#8221;{}&#8221;]<\/p>\n<h2 style=\"text-align: justify\"><strong><em>Pacientes virtuales basados en Inteligencia Artificial y con caracter\u00edsticas espec\u00edficas de g\u00e9nero para la formaci\u00f3n en medicina y enfermer\u00eda sobre entornos gamificados (AIHEALTHTRAINER)<\/em><\/strong><\/h2>\n<h2 style=\"text-align: justify\"><i style=\"font-size: 22px;text-align: left\">Referencia: PID2024-157772OB-I0<\/i><\/h2>\n<p>[\/et_pb_text][\/et_pb_column][\/et_pb_row][et_pb_row column_structure=&#8221;2_5,3_5&#8243; _builder_version=&#8221;4.16&#8243; background_size=&#8221;initial&#8221; background_position=&#8221;top_left&#8221; background_repeat=&#8221;repeat&#8221; global_colors_info=&#8221;{}&#8221;][et_pb_column type=&#8221;2_5&#8243; _builder_version=&#8221;4.16&#8243; custom_padding=&#8221;|||&#8221; global_colors_info=&#8221;{}&#8221; custom_padding__hover=&#8221;|||&#8221;][et_pb_text admin_label=&#8221; datos proy&#8221; _builder_version=&#8221;4.17.4&#8243; _module_preset=&#8221;default&#8221; background_color=&#8221;rgba(242,242,242,0.87)&#8221; custom_margin=&#8221;5px|5px|5px|5px|false|false&#8221; custom_padding=&#8221;15px|15px|15px|15px|false|false&#8221; border_width_all=&#8221;2px&#8221; border_color_all=&#8221;#00dfe2&#8243; border_style_all=&#8221;ridge&#8221; global_colors_info=&#8221;{}&#8221;]<\/p>\n<ul>\n<li style=\"text-align: left\">Referencia: <strong>PID2024-157772OB-I00<\/strong><\/li>\n<li style=\"text-align: left\">Entidad financiadora: <strong>Agencia Estatal de Investigaci\u00f3n<\/strong><\/li>\n<li style=\"text-align: left\">T\u00edtulo : <strong><em>Pacientes virtuales basados en Inteligencia Artificial y con caracter\u00edsticas espec\u00edficas de g\u00e9nero para la formaci\u00f3n en medicina y enfermer\u00eda sobre entornos gamificados (AIHEALTHTRAINER)<\/em><\/strong><\/li>\n<li>Anualidades: <strong>2026-2027-2028<\/strong><\/li>\n<\/ul>\n<p>[\/et_pb_text][et_pb_text admin_label=&#8221;datos equipo&#8221; _builder_version=&#8221;4.17.4&#8243; _module_preset=&#8221;default&#8221; background_color=&#8221;rgba(242,242,242,0.87)&#8221; custom_margin=&#8221;5px|5px|5px|5px|false|false&#8221; custom_padding=&#8221;15px|15px|15px|15px|false|false&#8221; border_width_all=&#8221;2px&#8221; border_color_all=&#8221;#00dfe2&#8243; border_style_all=&#8221;ridge&#8221; global_colors_info=&#8221;{}&#8221;]<\/p>\n<h3>EQUIPO de Investigaci\u00f3n<\/h3>\n<ul>\n<li>C\u00e9sar Fern\u00e1ndez Peris (IP)<\/li>\n<li>Mar\u00eda Asunci\u00f3n Vicente Ripoll (IP)<\/li>\n<li>Almudena Arroyo Rodr\u00edguez<\/li>\n<li>Julio C\u00e9sar De la Torre Montero<\/li>\n<li>Marco Antonio Espinel Ruiz<\/li>\n<li>Inmaculada Lancharro Tavero<\/li>\n<li>Francisco Jos\u00e9 S\u00e1nchez Ferrer<\/li>\n<\/ul>\n<p>[\/et_pb_text][et_pb_video _builder_version=&#8221;4.17.4&#8243; _module_preset=&#8221;default&#8221; title_text=&#8221;video_avatares&#8221; src=&#8221;https:\/\/iagenerativa.umh.es\/files\/2026\/01\/video_avatares.mp4&#8243; hover_enabled=&#8221;0&#8243; sticky_enabled=&#8221;0&#8243;][\/et_pb_video][\/et_pb_column][et_pb_column type=&#8221;3_5&#8243; _builder_version=&#8221;4.16&#8243; custom_padding=&#8221;|||&#8221; global_colors_info=&#8221;{}&#8221; custom_padding__hover=&#8221;|||&#8221;][et_pb_text _builder_version=&#8221;4.17.4&#8243; _module_preset=&#8221;default&#8221; global_colors_info=&#8221;{}&#8221;]<\/p>\n<p class=\"p1\" style=\"text-align: justify\">El proyecto pretende desarrollar una plataforma de aprendizaje innovadora basada en pacientes virtuales conversacionales impulsados por inteligencia artificial generativa (IAG) y gamificaci\u00f3n. Esta plataforma est\u00e1 dise\u00f1ada para la formaci\u00f3n pr\u00e1ctica de estudiantes de medicina y enfermer\u00eda, especialmente en teleconsulta, y permitir\u00e1 a los estudiantes interactuar con pacientes virtuales en escenarios de consulta cl\u00ednica, mejorando sus habilidades de an\u00e1mnesis y diagn\u00f3stico mediante simulaciones realistas.<\/p>\n<p class=\"p1\" style=\"text-align: justify\">El grupo solicitante ha desarrollado previamente entornos de aprendizaje gamificados para medicina (aplicaci\u00f3n No-Hacer para iOS y Android,galardonada en 2023); y tambi\u00e9n ha desarrollado pacientes virtuales basados en IAG (11 pacientes virtuales y m\u00e1s de 1800 pr\u00e1cticas realizadas por estudiantes hasta el momento). Tambi\u00e9n hemos trabajado conjuntamente en la detecci\u00f3n y correcci\u00f3n de sesgos de g\u00e9nero tanto en el campo de la medicina como en el campo de la IAG.<\/p>\n<p class=\"p1\">A partir de nuestra experiencia, pretendemos llevar a cabo un proyecto que avance sobre lo que hemos conseguido hasta el momento en cuatro frentes:<\/p>\n<ol>\n<li class=\"p1\">Dise\u00f1aremos un entorno flexible, que facilite a los docentes la creaci\u00f3n de nuevos pacientes virtuales sin necesidad de ning\u00fan conocimiento de programaci\u00f3n.<\/li>\n<li class=\"p1\">Incluiremos los pacientes virtuales en una plataforma gamificada y accesible para todo tipo de estudiantes, considerando posibles diversidades funcionales como las discapacidades visuales o auditivas.<\/li>\n<li class=\"p1\">Mejoraremos la fiabilidad de las respuestas de los pacientes virtuales, tanto evitando los errores (alucinaciones) como ayudando a mantener un tono adecuado en los mensajes de los pacientes virtuales; todo ello mediante un control en bucle cerrado de las respuestas ofrecidas por las IAGs.\u00a0<\/li>\n<li class=\"p1\">Incorporaremos mecanismos de mitigaci\u00f3n de los sesgos de g\u00e9nero en las respuestas de las IAGs.<\/li>\n<\/ol>\n<p class=\"p1\">Adicionalmente, nos proponemos realizar pruebas exhaustivas para cuantificar la eficacia de la educaci\u00f3n basada en pacientes virtuales, compar\u00e1ndola rente a grupos de control. Para ello, contamos en nuestro equipo con investigadores en universidades y hospitales de Alicante, Madrid y Sevilla que pondr\u00e1n a prueba la plataforma con estudiantes y residentes.\u00a0<\/p>\n<p>[\/et_pb_text][\/et_pb_column][\/et_pb_row][et_pb_row _builder_version=&#8221;4.16&#8243; background_size=&#8221;initial&#8221; background_position=&#8221;top_left&#8221; background_repeat=&#8221;repeat&#8221; global_colors_info=&#8221;{}&#8221;][et_pb_column type=&#8221;4_4&#8243; _builder_version=&#8221;4.16&#8243; custom_padding=&#8221;|||&#8221; global_colors_info=&#8221;{}&#8221; custom_padding__hover=&#8221;|||&#8221;][et_pb_divider _builder_version=&#8221;4.17.4&#8243; _module_preset=&#8221;default&#8221; global_colors_info=&#8221;{}&#8221;][\/et_pb_divider][\/et_pb_column][\/et_pb_row][et_pb_row _builder_version=&#8221;4.16&#8243; background_size=&#8221;initial&#8221; background_position=&#8221;top_left&#8221; background_repeat=&#8221;repeat&#8221; global_colors_info=&#8221;{}&#8221;][et_pb_column type=&#8221;4_4&#8243; _builder_version=&#8221;4.16&#8243; custom_padding=&#8221;|||&#8221; global_colors_info=&#8221;{}&#8221; custom_padding__hover=&#8221;|||&#8221;][et_pb_text _builder_version=&#8221;4.17.4&#8243; _module_preset=&#8221;default&#8221; global_colors_info=&#8221;{}&#8221;]<\/p>\n<h2><strong>Publicaciones<\/strong><\/h2>\n<p>[\/et_pb_text][et_pb_text admin_label=&#8221; Publicacion 1&#8243; _builder_version=&#8221;4.17.4&#8243; _module_preset=&#8221;default&#8221; background_color=&#8221;rgba(242,242,242,0.87)&#8221; custom_margin=&#8221;5px|5px|5px|5px|false|false&#8221; custom_padding=&#8221;15px|15px|15px|15px|false|false&#8221; border_width_all=&#8221;2px&#8221; border_color_all=&#8221;#00dfe2&#8243; border_style_all=&#8221;ridge&#8221; global_colors_info=&#8221;{}&#8221;]<\/p>\n<p>Garc\u00eda-Torres D, Fern\u00e1ndez C, Mira J, Morales A, Vicente M. Using AI-Based Virtual Simulated Patients for Training in Psychopathological Interviewing: Cross-Sectional Observational Study. JMIR Med Educ 2025;11:e78857. URL: <a href=\"https:\/\/mededu.jmir.org\/2025\/1\/e78857\">https:\/\/mededu.jmir.org\/2025\/1\/e78857<\/a><\/p>\n<p>[\/et_pb_text][et_pb_text admin_label=&#8221;Publicacion 2&#8243; _builder_version=&#8221;4.17.4&#8243; _module_preset=&#8221;default&#8221; background_color=&#8221;rgba(242,242,242,0.87)&#8221; custom_margin=&#8221;5px|5px|5px|5px|false|false&#8221; custom_padding=&#8221;15px|15px|15px|15px|false|false&#8221; border_width_all=&#8221;2px&#8221; border_color_all=&#8221;#00dfe2&#8243; border_style_all=&#8221;ridge&#8221; global_colors_info=&#8221;{}&#8221;]<\/p>\n<p>Garc\u00eda-Torres, D., Vicente Ripoll, M. A., Fern\u00e1ndez Peris, C., &amp; Mira Solves, J. J. (2024). Enhancing Clinical Reasoning with Virtual Patients: A Hybrid Systematic Review Combining Human Reviewers and ChatGPT. Healthcare, 12(22), 2241. <a href=\"https:\/\/doi.org\/10.3390\/healthcare12222241\">https:\/\/doi.org\/10.3390\/healthcare12222241<\/a><\/p>\n<p>[\/et_pb_text][\/et_pb_column][\/et_pb_row][et_pb_row column_structure=&#8221;1_4,1_4,1_4,1_4&#8243; _builder_version=&#8221;4.16&#8243; background_size=&#8221;initial&#8221; background_position=&#8221;top_left&#8221; background_repeat=&#8221;repeat&#8221; global_colors_info=&#8221;{}&#8221;][et_pb_column type=&#8221;1_4&#8243; _builder_version=&#8221;4.16&#8243; custom_padding=&#8221;|||&#8221; global_colors_info=&#8221;{}&#8221; custom_padding__hover=&#8221;|||&#8221;][et_pb_image src=&#8221;https:\/\/iagenerativa.umh.es\/files\/2025\/03\/logoUMH-1.jpeg&#8221; title_text=&#8221;logoUMH&#8221; admin_label=&#8221;Imagen logo UMH&#8221; _builder_version=&#8221;4.17.4&#8243; _module_preset=&#8221;default&#8221; global_colors_info=&#8221;{}&#8221;][\/et_pb_image][et_pb_image src=&#8221;https:\/\/iagenerativa.umh.es\/files\/2025\/03\/Logo_UCLM.png&#8221; title_text=&#8221;Logo_UCLM&#8221; admin_label=&#8221;Imagen logo UCLM&#8221; _builder_version=&#8221;4.17.4&#8243; _module_preset=&#8221;default&#8221; global_colors_info=&#8221;{}&#8221;][\/et_pb_image][\/et_pb_column][et_pb_column type=&#8221;1_4&#8243; _builder_version=&#8221;4.16&#8243; custom_padding=&#8221;|||&#8221; global_colors_info=&#8221;{}&#8221; custom_padding__hover=&#8221;|||&#8221;][et_pb_image src=&#8221;https:\/\/iagenerativa.umh.es\/files\/2025\/03\/ESCUELA-COMILLAS-COLOR-LOGO-1.jpg&#8221; title_text=&#8221;ESCUELA-COMILLAS COLOR LOGO&#8221; admin_label=&#8221;Imagen logo Escuela Enfermeria Comilla&#8221; _builder_version=&#8221;4.17.4&#8243; _module_preset=&#8221;default&#8221; global_colors_info=&#8221;{}&#8221;][\/et_pb_image][et_pb_image src=&#8221;https:\/\/iagenerativa.umh.es\/files\/2025\/03\/Fundacio\u0301n-SJD-Madrid-300&#215;88.jpg&#8221; title_text=&#8221;Fundacio\u0301n SJD Madrid&#8221; admin_label=&#8221;Imagen Logo Fundacion San Juan de Dios&#8221; _builder_version=&#8221;4.17.4&#8243; _module_preset=&#8221;default&#8221; global_colors_info=&#8221;{}&#8221;][\/et_pb_image][\/et_pb_column][et_pb_column type=&#8221;1_4&#8243; _builder_version=&#8221;4.16&#8243; custom_padding=&#8221;|||&#8221; global_colors_info=&#8221;{}&#8221; custom_padding__hover=&#8221;|||&#8221;][et_pb_image src=&#8221;https:\/\/iagenerativa.umh.es\/files\/2025\/03\/logoirycis3x_w321.png&#8221; title_text=&#8221;logoirycis3x_w321&#8243; admin_label=&#8221;Imagen logo IRYCIS&#8221; _builder_version=&#8221;4.17.4&#8243; _module_preset=&#8221;default&#8221; global_colors_info=&#8221;{}&#8221;][\/et_pb_image][et_pb_image src=&#8221;https:\/\/iagenerativa.umh.es\/files\/2025\/03\/logo_hospitalRamonycajal-300&#215;50.png&#8221; title_text=&#8221;logo_hospitalRamonycajal&#8221; admin_label=&#8221;Imagen logo Hospital RyC&#8221; _builder_version=&#8221;4.17.4&#8243; _module_preset=&#8221;default&#8221; background_enable_color=&#8221;off&#8221; global_colors_info=&#8221;{}&#8221;][\/et_pb_image][\/et_pb_column][et_pb_column type=&#8221;1_4&#8243; _builder_version=&#8221;4.16&#8243; custom_padding=&#8221;|||&#8221; global_colors_info=&#8221;{}&#8221; custom_padding__hover=&#8221;|||&#8221;][et_pb_image src=&#8221;https:\/\/iagenerativa.umh.es\/files\/2026\/01\/logo_USEVILLA.png&#8221; title_text=&#8221;logo_USEVILLA&#8221; admin_label=&#8221;Imagen logo USevilla&#8221; _builder_version=&#8221;4.17.4&#8243; _module_preset=&#8221;default&#8221; global_colors_info=&#8221;{}&#8221;][\/et_pb_image][\/et_pb_column][\/et_pb_row][\/et_pb_section]<\/p>\n","protected":false},"excerpt":{"rendered":"<p>Pacientes virtuales basados en Inteligencia Artificial y con caracter\u00edsticas espec\u00edficas de g\u00e9nero para la formaci\u00f3n en medicina y enfermer\u00eda sobre entornos gamificados (AIHEALTHTRAINER) Referencia: PID2024-157772OB-I0 Referencia: PID2024-157772OB-I00 Entidad financiadora: Agencia Estatal de Investigaci\u00f3n T\u00edtulo : Pacientes virtuales basados en Inteligencia Artificial y con caracter\u00edsticas espec\u00edficas de g\u00e9nero para la formaci\u00f3n en medicina y enfermer\u00eda sobre [&hellip;]<\/p>\n","protected":false},"author":1676,"featured_media":0,"parent":0,"menu_order":0,"comment_status":"closed","ping_status":"closed","template":"","meta":{"_et_pb_use_builder":"on","_et_pb_old_content":"","_et_gb_content_width":"","_links_to":"","_links_to_target":""},"_links":{"self":[{"href":"https:\/\/iagenerativa.umh.es\/en\/wp-json\/wp\/v2\/pages\/3190"}],"collection":[{"href":"https:\/\/iagenerativa.umh.es\/en\/wp-json\/wp\/v2\/pages"}],"about":[{"href":"https:\/\/iagenerativa.umh.es\/en\/wp-json\/wp\/v2\/types\/page"}],"author":[{"embeddable":true,"href":"https:\/\/iagenerativa.umh.es\/en\/wp-json\/wp\/v2\/users\/1676"}],"replies":[{"embeddable":true,"href":"https:\/\/iagenerativa.umh.es\/en\/wp-json\/wp\/v2\/comments?post=3190"}],"version-history":[{"count":0,"href":"https:\/\/iagenerativa.umh.es\/en\/wp-json\/wp\/v2\/pages\/3190\/revisions"}],"wp:attachment":[{"href":"https:\/\/iagenerativa.umh.es\/en\/wp-json\/wp\/v2\/media?parent=3190"}],"curies":[{"name":"wp","href":"https:\/\/api.w.org\/{rel}","templated":true}]}}