{"id":960,"date":"2024-06-17T21:01:29","date_gmt":"2024-06-17T19:01:29","guid":{"rendered":"https:\/\/iagenerativa.umh.es\/?page_id=960"},"modified":"2024-09-16T14:23:54","modified_gmt":"2024-09-16T12:23:54","slug":"ayuda-con-la-preinscripcion-y-matricula","status":"publish","type":"page","link":"https:\/\/iagenerativa.umh.es\/en\/ayuda-con-la-preinscripcion-y-matricula\/","title":{"rendered":"<span lang=\"es\">(Espa\u00f1ol) Ayuda con la preinscripci\u00f3n y matr\u00edcula<\/span>"},"content":{"rendered":"<p>[et_pb_section fb_built=&#8221;1&#8243; admin_label=&#8221;Seccion 1: AYUDA&#8221; _builder_version=&#8221;4.17.4&#8243; _module_preset=&#8221;default&#8221; background_enable_color=&#8221;off&#8221; use_background_color_gradient=&#8221;on&#8221; background_color_gradient_direction=&#8221;1deg&#8221; background_color_gradient_stops=&#8221;rgba(255,255,255,0) 0%|#2b87da 91%&#8221; background_enable_image=&#8221;off&#8221; parallax=&#8221;on&#8221; global_colors_info=&#8221;{}&#8221;][et_pb_row admin_label=&#8221;Fila Titulo y boton&#8221; _builder_version=&#8221;4.17.4&#8243; _module_preset=&#8221;default&#8221; global_colors_info=&#8221;{}&#8221;][et_pb_column type=&#8221;4_4&#8243; _builder_version=&#8221;4.17.4&#8243; _module_preset=&#8221;default&#8221; global_colors_info=&#8221;{}&#8221;][et_pb_text admin_label=&#8221;titulo inicial&#8221; _builder_version=&#8221;4.17.4&#8243; _module_preset=&#8221;default&#8221; text_font_size=&#8221;13px&#8221; background_color=&#8221;#ebece2&#8243; custom_padding=&#8221;10px|10px|10px|10px|false|false&#8221; box_shadow_style=&#8221;preset4&#8243; global_colors_info=&#8221;{}&#8221;]<\/p>\n<h1 style=\"text-align: center\"><strong><span style=\"font-size: 36px\">AYUDA <\/span><\/strong><\/h1>\n<h2><span style=\"font-size: 26px\">Realiza tu preinscripci\u00f3n y matr\u00edcula al curso siguiendo estos pasos:<\/span><\/h2>\n<div><\/div>\n<div><\/div>\n<p>[\/et_pb_text][et_pb_text admin_label=&#8221;paso 1&#8243; _builder_version=&#8221;4.17.4&#8243; _module_preset=&#8221;default&#8221; text_font_size=&#8221;13px&#8221; background_color=&#8221;#ebece2&#8243; custom_padding=&#8221;10px|10px|10px|10px|false|false&#8221; box_shadow_style=&#8221;preset4&#8243; global_colors_info=&#8221;{}&#8221;]<\/p>\n<h3><span style=\"font-size: 26px\">1) Accede a la web de Estudios propios de la Universidad Miguel Hern\u00e1ndez relativa a este curso de formaci\u00f3n permanente.<\/span><span style=\"font-size: 26px\"><\/span><\/h3>\n<p><span style=\"font-size: 26px\"><\/span><\/p>\n<p style=\"text-align: center\"><em>ENLACE a la web de estudios propios UMH: <a href=\"https:\/\/www.umh.es\/contenido\/Estudios\/:tit_fpo_15616\/datos_es.html\">https:\/\/www.umh.es\/contenido\/Estudios\/:tit_fpo_15616\/datos_es.html<\/a><\/em><\/p>\n<p><em><\/em><\/p>\n<div><\/div>\n<div><\/div>\n<p>[\/et_pb_text][et_pb_image src=&#8221;https:\/\/iagenerativa.umh.es\/files\/2024\/09\/Captura-de-pantalla-2024-09-16-a-las-13.37.01-1.png&#8221; title_text=&#8221;Captura de pantalla 2024-09-16 a las 13.37.01&#8243; align=&#8221;center&#8221; _builder_version=&#8221;4.17.4&#8243; _module_preset=&#8221;default&#8221; global_colors_info=&#8221;{}&#8221;][\/et_pb_image][et_pb_text admin_label=&#8221;paso 2&#8243; _builder_version=&#8221;4.17.4&#8243; _module_preset=&#8221;default&#8221; text_font_size=&#8221;13px&#8221; background_color=&#8221;#ebece2&#8243; custom_padding=&#8221;10px|10px|10px|10px|false|false&#8221; box_shadow_style=&#8221;preset4&#8243; global_colors_info=&#8221;{}&#8221;]<\/p>\n<h2 style=\"text-align: justify\"><span style=\"font-size: 26px\">2) Pulsa el bot\u00f3n azul de PREINSCRIPCI\u00d3N y MATRICULACI\u00d3N:<\/span><\/h2>\n<h3><\/h3>\n<div><\/div>\n<div><\/div>\n<div><\/div>\n<p>[\/et_pb_text][et_pb_image src=&#8221;https:\/\/iagenerativa.umh.es\/files\/2024\/09\/Captura-de-pantalla-2024-09-16-a-las-13.38.57.png&#8221; title_text=&#8221;Captura de pantalla 2024-09-16 a las 13.38.57&#8243; url=&#8221;https:\/\/universite.umh.es\/fpogestion\/aspx\/Preinscripcion\/Preinscripcion.aspx&#8221; url_new_window=&#8221;on&#8221; align=&#8221;center&#8221; _builder_version=&#8221;4.17.4&#8243; _module_preset=&#8221;default&#8221; global_colors_info=&#8221;{}&#8221;][\/et_pb_image][et_pb_text admin_label=&#8221;paso 3&#8243; _builder_version=&#8221;4.17.4&#8243; _module_preset=&#8221;default&#8221; text_font_size=&#8221;13px&#8221; background_color=&#8221;#ebece2&#8243; custom_padding=&#8221;10px|10px|10px|10px|false|false&#8221; box_shadow_style=&#8221;preset4&#8243; global_colors_info=&#8221;{}&#8221;]<\/p>\n<h2 style=\"text-align: justify\"><span style=\"font-size: 26px\">3) En el desplegable, selecciona en Tipo de ense\u00f1anza:\u00a0 CERTIFICADO DE FORMACION PERMANENTE y luego el nombre del curso\u00a0 &#8220;FUNDAMENTOS DE INTELIGENCIA ARTIFICIAL GENERATIVA: CHATGPT, COPILOT, GEMINI y M\u00c1S ALLA. II EDICION&#8221; e introduce tu NIF para poder seguir con el formulario de preinscripci\u00f3n.<br \/><\/span><\/h2>\n<div><\/div>\n<p>[\/et_pb_text][et_pb_image src=&#8221;https:\/\/iagenerativa.umh.es\/files\/2024\/06\/Captura-de-pantalla-2024-06-17-a-las-20.53.36.png&#8221; title_text=&#8221;Captura de pantalla 2024-06-17 a las 20.53.36&#8243; url=&#8221;https:\/\/universite.umh.es\/fpogestion\/aspx\/Preinscripcion\/Preinscripcion.aspx&#8221; url_new_window=&#8221;on&#8221; align=&#8221;center&#8221; _builder_version=&#8221;4.17.4&#8243; _module_preset=&#8221;default&#8221; global_colors_info=&#8221;{}&#8221;][\/et_pb_image][et_pb_text admin_label=&#8221;paso 4&#8243; _builder_version=&#8221;4.17.4&#8243; _module_preset=&#8221;default&#8221; text_font_size=&#8221;13px&#8221; background_color=&#8221;#ebece2&#8243; custom_padding=&#8221;10px|10px|10px|10px|false|false&#8221; box_shadow_style=&#8221;preset4&#8243; global_colors_info=&#8221;{}&#8221;]<\/p>\n<h2><span style=\"font-size: 26px\">4) Completa el formulario de preinscripci\u00f3n con tus datos personales. Selecciona el tipo de tu matr\u00edcula seg\u00fan tu pertenencia al colectivo universitario:<\/span><\/h2>\n<h2><span style=\"font-size: 26px\">Alumni UMH \/ Estudiantes UMH\/ PAS UMH \/ PDI UMH\/ Ordinaria<\/span><\/h2>\n<p><span style=\"font-size: 26px\"><\/span><\/p>\n<p><em><span style=\"font-size: 26px\">En caso de duda, contacta con nosotros por email o tel\u00e9fono.<\/span><\/em><\/p>\n<div><\/div>\n<div><\/div>\n<div><\/div>\n<p>[\/et_pb_text][\/et_pb_column][\/et_pb_row][\/et_pb_section][et_pb_section fb_built=&#8221;1&#8243; _builder_version=&#8221;4.17.4&#8243; _module_preset=&#8221;default&#8221; custom_padding=&#8221;30px|||||&#8221; global_colors_info=&#8221;{}&#8221;][et_pb_row _builder_version=&#8221;4.17.4&#8243; _module_preset=&#8221;default&#8221; custom_margin=&#8221;-71px|auto|-25px|auto||&#8221; global_colors_info=&#8221;{}&#8221;][et_pb_column type=&#8221;4_4&#8243; _builder_version=&#8221;4.17.4&#8243; _module_preset=&#8221;default&#8221; global_colors_info=&#8221;{}&#8221;][et_pb_divider show_divider=&#8221;off&#8221; _builder_version=&#8221;4.17.4&#8243; _module_preset=&#8221;default&#8221; background_color=&#8221;#000000&#8243; custom_margin=&#8221;1px||1px||false|false&#8221; custom_padding=&#8221;||0px|||&#8221; global_colors_info=&#8221;{}&#8221;][\/et_pb_divider][\/et_pb_column][\/et_pb_row][et_pb_row column_structure=&#8221;1_3,1_3,1_3&#8243; _builder_version=&#8221;4.17.4&#8243; _module_preset=&#8221;default&#8221; custom_margin=&#8221;1px||1px||false|false&#8221; global_colors_info=&#8221;{}&#8221;][et_pb_column type=&#8221;1_3&#8243; _builder_version=&#8221;4.17.4&#8243; _module_preset=&#8221;default&#8221; global_colors_info=&#8221;{}&#8221;][et_pb_image src=&#8221;https:\/\/iagenerativa.umh.es\/files\/2024\/04\/logolCSI.png&#8221; title_text=&#8221;logolCSI&#8221; url=&#8221;https:\/\/lcsi.umh.es\/&#8221; _builder_version=&#8221;4.17.4&#8243; _module_preset=&#8221;default&#8221; min_height=&#8221;70.1px&#8221; custom_padding=&#8221;14px|14px||||&#8221; global_colors_info=&#8221;{}&#8221;][\/et_pb_image][\/et_pb_column][et_pb_column type=&#8221;1_3&#8243; _builder_version=&#8221;4.17.4&#8243; _module_preset=&#8221;default&#8221; global_colors_info=&#8221;{}&#8221;][et_pb_image src=&#8221;https:\/\/iagenerativa.umh.es\/files\/2024\/06\/logo_horizontal.png&#8221; title_text=&#8221;logo_horizontal&#8221; url=&#8221;https:\/\/lovelace.umh.es\/&#8221; _builder_version=&#8221;4.17.4&#8243; _module_preset=&#8221;default&#8221; custom_padding=&#8221;||17px|||&#8221; global_colors_info=&#8221;{}&#8221;][\/et_pb_image][\/et_pb_column][et_pb_column type=&#8221;1_3&#8243; _builder_version=&#8221;4.17.4&#8243; _module_preset=&#8221;default&#8221; global_colors_info=&#8221;{}&#8221;][et_pb_image src=&#8221;https:\/\/iagenerativa.umh.es\/files\/2024\/04\/logoUMH.jpeg&#8221; title_text=&#8221;logoUMH&#8221; url=&#8221;https:\/\/umh.es\/&#8221; show_bottom_space=&#8221;off&#8221; _builder_version=&#8221;4.17.4&#8243; _module_preset=&#8221;default&#8221; custom_margin=&#8221;-19px|||||&#8221; custom_padding=&#8221;||0px|||&#8221; global_colors_info=&#8221;{}&#8221;][\/et_pb_image][\/et_pb_column][\/et_pb_row][\/et_pb_section]<\/p>\n","protected":false},"excerpt":{"rendered":"<p>AYUDA Realiza tu preinscripci\u00f3n y matr\u00edcula al curso siguiendo estos pasos: 1) Accede a la web de Estudios propios de la Universidad Miguel Hern\u00e1ndez relativa a este curso de formaci\u00f3n permanente. ENLACE a la web de estudios propios UMH: https:\/\/www.umh.es\/contenido\/Estudios\/:tit_fpo_15616\/datos_es.html 2) Pulsa el bot\u00f3n azul de PREINSCRIPCI\u00d3N y MATRICULACI\u00d3N: 3) En el desplegable, selecciona en [&hellip;]<\/p>\n","protected":false},"author":1676,"featured_media":0,"parent":0,"menu_order":0,"comment_status":"closed","ping_status":"closed","template":"","meta":{"_et_pb_use_builder":"on","_et_pb_old_content":"","_et_gb_content_width":"","_links_to":"","_links_to_target":""},"_links":{"self":[{"href":"https:\/\/iagenerativa.umh.es\/en\/wp-json\/wp\/v2\/pages\/960"}],"collection":[{"href":"https:\/\/iagenerativa.umh.es\/en\/wp-json\/wp\/v2\/pages"}],"about":[{"href":"https:\/\/iagenerativa.umh.es\/en\/wp-json\/wp\/v2\/types\/page"}],"author":[{"embeddable":true,"href":"https:\/\/iagenerativa.umh.es\/en\/wp-json\/wp\/v2\/users\/1676"}],"replies":[{"embeddable":true,"href":"https:\/\/iagenerativa.umh.es\/en\/wp-json\/wp\/v2\/comments?post=960"}],"version-history":[{"count":0,"href":"https:\/\/iagenerativa.umh.es\/en\/wp-json\/wp\/v2\/pages\/960\/revisions"}],"wp:attachment":[{"href":"https:\/\/iagenerativa.umh.es\/en\/wp-json\/wp\/v2\/media?parent=960"}],"curies":[{"name":"wp","href":"https:\/\/api.w.org\/{rel}","templated":true}]}}